{"id":115332,"date":"2024-07-18T08:12:13","date_gmt":"2024-07-18T06:12:13","guid":{"rendered":"https:\/\/autostil.ba\/maloprodaja\/?post_type=product&#038;p=115332"},"modified":"2026-04-08T11:43:07","modified_gmt":"2026-04-08T09:43:07","slug":"spuzvasti-stapici-za-detailing-4-1","status":"publish","type":"product","link":"https:\/\/autostil.ba\/maloprodaja\/proizvod\/11568\/spuzvasti-stapici-za-detailing-4-1\/","title":{"rendered":"SPU\u017dVASTI \u0160TAPI\u0106I ZA DETAILING 4\/1"},"content":{"rendered":"","protected":false},"excerpt":{"rendered":"<p>\u0160tapi\u0107i za \u010di\u0161\u0107enje i razmazivanje preparata za \u010di\u0161\u0107enje. \u0160tapi\u0107i su zavr\u0161eni sun\u0111erom otpornim na habanje. \u0160tapi\u0107ima \u0107ete do\u0107i do te\u0161ko dostupnih mjesta, kao \u0161to su ventilacijske re\u0161etke, prostori izme\u0111u sedi\u0161ta ili drugi kutovi iznutra i izvana. \u0160tapi\u0107i se mogu koristiti i za rad s elektronikom, \u010di\u0161\u0107enje fotoaparata i druge precizne radove.<\/p>\n","protected":false},"featured_media":115333,"comment_status":"open","ping_status":"closed","template":"","meta":{"_acf_changed":false,"inline_featured_image":false},"product_brand":[],"product_cat":[164],"product_tag":[],"class_list":{"0":"post-115332","1":"product","2":"type-product","3":"status-publish","4":"has-post-thumbnail","6":"product_cat-car-detailing","8":"first","9":"instock","10":"taxable","11":"shipping-taxable","12":"purchasable","13":"product-type-simple"},"acf":[],"custom_product_id":"11568","_links":{"self":[{"href":"https:\/\/autostil.ba\/maloprodaja\/wp-json\/wp\/v2\/product\/115332","targetHints":{"allow":["GET"]}}],"collection":[{"href":"https:\/\/autostil.ba\/maloprodaja\/wp-json\/wp\/v2\/product"}],"about":[{"href":"https:\/\/autostil.ba\/maloprodaja\/wp-json\/wp\/v2\/types\/product"}],"replies":[{"embeddable":true,"href":"https:\/\/autostil.ba\/maloprodaja\/wp-json\/wp\/v2\/comments?post=115332"}],"version-history":[{"count":1,"href":"https:\/\/autostil.ba\/maloprodaja\/wp-json\/wp\/v2\/product\/115332\/revisions"}],"predecessor-version":[{"id":115334,"href":"https:\/\/autostil.ba\/maloprodaja\/wp-json\/wp\/v2\/product\/115332\/revisions\/115334"}],"wp:featuredmedia":[{"embeddable":true,"href":"https:\/\/autostil.ba\/maloprodaja\/wp-json\/wp\/v2\/media\/115333"}],"wp:attachment":[{"href":"https:\/\/autostil.ba\/maloprodaja\/wp-json\/wp\/v2\/media?parent=115332"}],"wp:term":[{"taxonomy":"product_brand","embeddable":true,"href":"https:\/\/autostil.ba\/maloprodaja\/wp-json\/wp\/v2\/product_brand?post=115332"},{"taxonomy":"product_cat","embeddable":true,"href":"https:\/\/autostil.ba\/maloprodaja\/wp-json\/wp\/v2\/product_cat?post=115332"},{"taxonomy":"product_tag","embeddable":true,"href":"https:\/\/autostil.ba\/maloprodaja\/wp-json\/wp\/v2\/product_tag?post=115332"}],"curies":[{"name":"wp","href":"https:\/\/api.w.org\/{rel}","templated":true}]}}