{"id":115272,"date":"2025-10-11T10:26:10","date_gmt":"2025-10-11T08:26:10","guid":{"rendered":"https:\/\/autostil.ba\/maloprodaja\/?post_type=product&#038;p=115272"},"modified":"2026-04-08T11:43:07","modified_gmt":"2026-04-08T09:43:07","slug":"aditiv-za-ciscenje-sistema-ubrizgavanja-goriva-za-sve-dizel-motore-500ml","status":"publish","type":"product","link":"https:\/\/autostil.ba\/maloprodaja\/proizvod\/12598\/aditiv-za-ciscenje-sistema-ubrizgavanja-goriva-za-sve-dizel-motore-500ml\/","title":{"rendered":"ADITIV ZA \u010cI\u0160\u0106ENJE SISTEMA UBRIZGAVANJA GORIVA ZA SVE DIZEL MOTORE 500ml"},"content":{"rendered":"","protected":false},"excerpt":{"rendered":"<p>ADITIV ZA \u010cI\u0160\u0106ENJE SISTEMA UBRIZGAVANJA GORIVA ZA SVE DIZEL MOTORE 500ml;<\/p>\n<p>Profesionalni koncentrovani aditiv za \u010di\u0161\u0107enje kompletnog sistema ubrizgavanja i komore za sagorevanje kod dizel motora.<br \/>\n\u0160tedi gorivo, zna\u010dajno pobolj\u0161ava proces sagorevanja.<br \/>\nVra\u0107a snagu i performanse motora.<br \/>\nMo\u017ee se koristiti u svim vrstama dizel motora.<\/p>\n","protected":false},"featured_media":115273,"comment_status":"open","ping_status":"closed","template":"","meta":{"_acf_changed":false,"inline_featured_image":false},"product_brand":[],"product_cat":[69],"product_tag":[],"class_list":{"0":"post-115272","1":"product","2":"type-product","3":"status-publish","4":"has-post-thumbnail","6":"product_cat-aditivi","8":"first","9":"instock","10":"taxable","11":"shipping-taxable","12":"purchasable","13":"product-type-simple"},"acf":[],"custom_product_id":"12598","_links":{"self":[{"href":"https:\/\/autostil.ba\/maloprodaja\/wp-json\/wp\/v2\/product\/115272","targetHints":{"allow":["GET"]}}],"collection":[{"href":"https:\/\/autostil.ba\/maloprodaja\/wp-json\/wp\/v2\/product"}],"about":[{"href":"https:\/\/autostil.ba\/maloprodaja\/wp-json\/wp\/v2\/types\/product"}],"replies":[{"embeddable":true,"href":"https:\/\/autostil.ba\/maloprodaja\/wp-json\/wp\/v2\/comments?post=115272"}],"version-history":[{"count":2,"href":"https:\/\/autostil.ba\/maloprodaja\/wp-json\/wp\/v2\/product\/115272\/revisions"}],"predecessor-version":[{"id":793054366,"href":"https:\/\/autostil.ba\/maloprodaja\/wp-json\/wp\/v2\/product\/115272\/revisions\/793054366"}],"wp:featuredmedia":[{"embeddable":true,"href":"https:\/\/autostil.ba\/maloprodaja\/wp-json\/wp\/v2\/media\/115273"}],"wp:attachment":[{"href":"https:\/\/autostil.ba\/maloprodaja\/wp-json\/wp\/v2\/media?parent=115272"}],"wp:term":[{"taxonomy":"product_brand","embeddable":true,"href":"https:\/\/autostil.ba\/maloprodaja\/wp-json\/wp\/v2\/product_brand?post=115272"},{"taxonomy":"product_cat","embeddable":true,"href":"https:\/\/autostil.ba\/maloprodaja\/wp-json\/wp\/v2\/product_cat?post=115272"},{"taxonomy":"product_tag","embeddable":true,"href":"https:\/\/autostil.ba\/maloprodaja\/wp-json\/wp\/v2\/product_tag?post=115272"}],"curies":[{"name":"wp","href":"https:\/\/api.w.org\/{rel}","templated":true}]}}