{"id":115252,"date":"2024-07-18T08:12:09","date_gmt":"2024-07-18T06:12:09","guid":{"rendered":"https:\/\/autostil.ba\/maloprodaja\/?post_type=product&#038;p=115252"},"modified":"2026-04-08T11:43:07","modified_gmt":"2026-04-08T09:43:07","slug":"tecnost-za-odrzavanje-koznih-sjedista-detailing-290ml","status":"publish","type":"product","link":"https:\/\/autostil.ba\/maloprodaja\/proizvod\/12599\/tecnost-za-odrzavanje-koznih-sjedista-detailing-290ml\/","title":{"rendered":"TE\u010cNOST ZA ODR\u017dAVANJE KO\u017dNIH SJEDI\u0160TA DETAILING 290ml"},"content":{"rendered":"","protected":false},"excerpt":{"rendered":"<p>TE\u010cNOST ZA ODR\u017dAVANJE KO\u017dNIH SJEDI\u0160TA DETAILING 290ml;  <\/p>\n<p>Preparat za \u010di\u0161\u0107enje, njegu i za\u0161titu ko\u017enih povr\u0161ina?<br \/>\nOpremljen tehnolo\u0161ki naprednom Flairosol\u00ae prskalicom.<br \/>\nOva inovativna prskalica je pogodna za sve polo\u017eaje od 360\u00b0? samo tokom jednog doziranja pokriti \u0107e do 1 m2 o\u010di\u0161\u0107ene povr\u0161ine jedinstvenom maglom mikro-kapljica.<br \/>\nPreparat se mo\u017ee koristiti za bilo koju vrstu zrnaste ko\u017ee.<br \/>\nUklanja svakodnevnu prljav\u0161tinu, a zahvaljuju\u0107i UV filteru ostavlja ko\u017eu za\u0161ti\u0107enom od pucanja i isu\u0161ivanja.<br \/>\nSadr\u017ei prirodno ulje avokada koje ko\u017eu \u010dini mekom i podatnom.<br \/>\nVra\u0107a prirodnu boju ko\u017ee.<br \/>\nBezbedan za o\u010di\u0161\u0107enu povr\u0161inu zahvaljuju\u0107i neutralnom pH.<\/p>\n","protected":false},"featured_media":115253,"comment_status":"open","ping_status":"closed","template":"","meta":{"_acf_changed":false,"inline_featured_image":false},"product_brand":[],"product_cat":[164],"product_tag":[],"class_list":{"0":"post-115252","1":"product","2":"type-product","3":"status-publish","4":"has-post-thumbnail","6":"product_cat-car-detailing","8":"first","9":"instock","10":"taxable","11":"shipping-taxable","12":"purchasable","13":"product-type-simple"},"acf":[],"custom_product_id":"12599","_links":{"self":[{"href":"https:\/\/autostil.ba\/maloprodaja\/wp-json\/wp\/v2\/product\/115252","targetHints":{"allow":["GET"]}}],"collection":[{"href":"https:\/\/autostil.ba\/maloprodaja\/wp-json\/wp\/v2\/product"}],"about":[{"href":"https:\/\/autostil.ba\/maloprodaja\/wp-json\/wp\/v2\/types\/product"}],"replies":[{"embeddable":true,"href":"https:\/\/autostil.ba\/maloprodaja\/wp-json\/wp\/v2\/comments?post=115252"}],"version-history":[{"count":1,"href":"https:\/\/autostil.ba\/maloprodaja\/wp-json\/wp\/v2\/product\/115252\/revisions"}],"predecessor-version":[{"id":115254,"href":"https:\/\/autostil.ba\/maloprodaja\/wp-json\/wp\/v2\/product\/115252\/revisions\/115254"}],"wp:featuredmedia":[{"embeddable":true,"href":"https:\/\/autostil.ba\/maloprodaja\/wp-json\/wp\/v2\/media\/115253"}],"wp:attachment":[{"href":"https:\/\/autostil.ba\/maloprodaja\/wp-json\/wp\/v2\/media?parent=115252"}],"wp:term":[{"taxonomy":"product_brand","embeddable":true,"href":"https:\/\/autostil.ba\/maloprodaja\/wp-json\/wp\/v2\/product_brand?post=115252"},{"taxonomy":"product_cat","embeddable":true,"href":"https:\/\/autostil.ba\/maloprodaja\/wp-json\/wp\/v2\/product_cat?post=115252"},{"taxonomy":"product_tag","embeddable":true,"href":"https:\/\/autostil.ba\/maloprodaja\/wp-json\/wp\/v2\/product_tag?post=115252"}],"curies":[{"name":"wp","href":"https:\/\/api.w.org\/{rel}","templated":true}]}}