{"id":115182,"date":"2026-02-03T10:46:06","date_gmt":"2026-02-03T08:46:06","guid":{"rendered":"https:\/\/autostil.ba\/maloprodaja\/?post_type=product&#038;p=115182"},"modified":"2026-04-08T11:43:01","modified_gmt":"2026-04-08T09:43:01","slug":"krpa-microfiber-detailer-waffle-dijamantno-staklo-siva-370g-m2-40x40cm-amtra","status":"publish","type":"product","link":"https:\/\/autostil.ba\/maloprodaja\/proizvod\/12872\/krpa-microfiber-detailer-waffle-dijamantno-staklo-siva-370g-m2-40x40cm-amtra\/","title":{"rendered":"KRPA MICROFIBER DETAILER WAFFLE DIJAMANTNO STAKLO SIVA 370g\/m2 40x40cm AMTRA"},"content":{"rendered":"","protected":false},"excerpt":{"rendered":"<p>Mikrovlakna sa strukturom vafla za \u010di\u0161\u0107enje staklenih povr\u0161ina. Ne ostavlja vlakna niti tragove pri radu na povr\u0161ini, \u010dine\u0107i \u010di\u0161\u0107enje stakla i ogledala vrlo jednostavnim i manje vremenski zahtjevnim. Za suvu i mokru upotrebu. Preporu\u010duje se pranje mikrovlakana na temperaturi do 40\u00b0C bez omek\u0161iva\u010da ili izbjeljiva\u010da i sa sli\u010dnim bojama. Ne su\u0161ite na radijatorima i ne peglajte. Su\u0161iti u su\u0161ilici.<\/p>\n","protected":false},"featured_media":115183,"comment_status":"open","ping_status":"closed","template":"","meta":{"_acf_changed":false,"inline_featured_image":false},"product_brand":[],"product_cat":[164],"product_tag":[],"class_list":{"0":"post-115182","1":"product","2":"type-product","3":"status-publish","4":"has-post-thumbnail","6":"product_cat-car-detailing","8":"first","9":"instock","10":"taxable","11":"shipping-taxable","12":"purchasable","13":"product-type-simple"},"acf":[],"custom_product_id":"12872","_links":{"self":[{"href":"https:\/\/autostil.ba\/maloprodaja\/wp-json\/wp\/v2\/product\/115182","targetHints":{"allow":["GET"]}}],"collection":[{"href":"https:\/\/autostil.ba\/maloprodaja\/wp-json\/wp\/v2\/product"}],"about":[{"href":"https:\/\/autostil.ba\/maloprodaja\/wp-json\/wp\/v2\/types\/product"}],"replies":[{"embeddable":true,"href":"https:\/\/autostil.ba\/maloprodaja\/wp-json\/wp\/v2\/comments?post=115182"}],"version-history":[{"count":1,"href":"https:\/\/autostil.ba\/maloprodaja\/wp-json\/wp\/v2\/product\/115182\/revisions"}],"predecessor-version":[{"id":115184,"href":"https:\/\/autostil.ba\/maloprodaja\/wp-json\/wp\/v2\/product\/115182\/revisions\/115184"}],"wp:featuredmedia":[{"embeddable":true,"href":"https:\/\/autostil.ba\/maloprodaja\/wp-json\/wp\/v2\/media\/115183"}],"wp:attachment":[{"href":"https:\/\/autostil.ba\/maloprodaja\/wp-json\/wp\/v2\/media?parent=115182"}],"wp:term":[{"taxonomy":"product_brand","embeddable":true,"href":"https:\/\/autostil.ba\/maloprodaja\/wp-json\/wp\/v2\/product_brand?post=115182"},{"taxonomy":"product_cat","embeddable":true,"href":"https:\/\/autostil.ba\/maloprodaja\/wp-json\/wp\/v2\/product_cat?post=115182"},{"taxonomy":"product_tag","embeddable":true,"href":"https:\/\/autostil.ba\/maloprodaja\/wp-json\/wp\/v2\/product_tag?post=115182"}],"curies":[{"name":"wp","href":"https:\/\/api.w.org\/{rel}","templated":true}]}}