{"id":115172,"date":"2025-10-11T10:32:05","date_gmt":"2025-10-11T08:32:05","guid":{"rendered":"https:\/\/autostil.ba\/maloprodaja\/?post_type=product&#038;p=115172"},"modified":"2026-04-08T12:01:52","modified_gmt":"2026-04-08T10:01:52","slug":"krpa-microfiber-detailer-fluffy-dryer-plava-800g-m2-60x90cm-amtra","status":"publish","type":"product","link":"https:\/\/autostil.ba\/maloprodaja\/proizvod\/12873\/krpa-microfiber-detailer-fluffy-dryer-plava-800g-m2-60x90cm-amtra\/","title":{"rendered":"KRPA MICROFIBER DETAILER FLUFFY DRYER PLAVA 800g\/m2 60x90cm AMTRA"},"content":{"rendered":"","protected":false},"excerpt":{"rendered":"<p>Pahuljasto i visoko upijaju\u0107e mikrovlakno sa dugim i gustim vlaknima. Idealno za su\u0161enje karoserije. Veoma efikasno sakuplja vi\u0161ak vode sa povr\u0161ine boje, bez ostavljanja tragova. Omogu\u0107ava brzo su\u0161enje cijelog automobila bez potrebe za stalnim cije\u0111enjem pe\u0161kira. Za\u0161iveni rubovi osiguravaju sigurnost od grebanja laka. Preporu\u010duje se pranje mikrovlakana na temperaturi do 40\u00b0C bez upotrebe omek\u0161iva\u010da ili izbjeljiva\u010da. Ne su\u0161ite na radijatorima ili u ma\u0161inama za su\u0161enje ve\u0161a.<\/p>\n","protected":false},"featured_media":115173,"comment_status":"open","ping_status":"closed","template":"","meta":{"_acf_changed":false,"inline_featured_image":false},"product_brand":[],"product_cat":[164],"product_tag":[],"class_list":{"0":"post-115172","1":"product","2":"type-product","3":"status-publish","4":"has-post-thumbnail","6":"product_cat-car-detailing","8":"first","9":"instock","10":"taxable","11":"shipping-taxable","12":"purchasable","13":"product-type-simple"},"acf":[],"custom_product_id":"12873","_links":{"self":[{"href":"https:\/\/autostil.ba\/maloprodaja\/wp-json\/wp\/v2\/product\/115172","targetHints":{"allow":["GET"]}}],"collection":[{"href":"https:\/\/autostil.ba\/maloprodaja\/wp-json\/wp\/v2\/product"}],"about":[{"href":"https:\/\/autostil.ba\/maloprodaja\/wp-json\/wp\/v2\/types\/product"}],"replies":[{"embeddable":true,"href":"https:\/\/autostil.ba\/maloprodaja\/wp-json\/wp\/v2\/comments?post=115172"}],"version-history":[{"count":1,"href":"https:\/\/autostil.ba\/maloprodaja\/wp-json\/wp\/v2\/product\/115172\/revisions"}],"predecessor-version":[{"id":115174,"href":"https:\/\/autostil.ba\/maloprodaja\/wp-json\/wp\/v2\/product\/115172\/revisions\/115174"}],"wp:featuredmedia":[{"embeddable":true,"href":"https:\/\/autostil.ba\/maloprodaja\/wp-json\/wp\/v2\/media\/115173"}],"wp:attachment":[{"href":"https:\/\/autostil.ba\/maloprodaja\/wp-json\/wp\/v2\/media?parent=115172"}],"wp:term":[{"taxonomy":"product_brand","embeddable":true,"href":"https:\/\/autostil.ba\/maloprodaja\/wp-json\/wp\/v2\/product_brand?post=115172"},{"taxonomy":"product_cat","embeddable":true,"href":"https:\/\/autostil.ba\/maloprodaja\/wp-json\/wp\/v2\/product_cat?post=115172"},{"taxonomy":"product_tag","embeddable":true,"href":"https:\/\/autostil.ba\/maloprodaja\/wp-json\/wp\/v2\/product_tag?post=115172"}],"curies":[{"name":"wp","href":"https:\/\/api.w.org\/{rel}","templated":true}]}}