{"id":115162,"date":"2024-07-18T08:12:05","date_gmt":"2024-07-18T08:12:05","guid":{"rendered":"https:\/\/autostil.ba\/maloprodaja\/?post_type=product&#038;p=115162"},"modified":"2026-04-08T11:43:01","modified_gmt":"2026-04-08T09:43:01","slug":"krpa-microfiber-detailer-pu-micro-max-pro-245g-m2-49x43cm-amtra","status":"publish","type":"product","link":"https:\/\/autostil.ba\/maloprodaja\/proizvod\/12874\/krpa-microfiber-detailer-pu-micro-max-pro-245g-m2-49x43cm-amtra\/","title":{"rendered":"KRPA MICROFIBER DETAILER PU MICRO MAX PRO 245g\/m2 49x43cm AMTRA"},"content":{"rendered":"","protected":false},"excerpt":{"rendered":"<p>Mikrovlakna sa vrlo mekim i pahuljastim vlaknima su idealna za su\u0161enje karoserije. Fina tekstura mikrovlakana i obrubljeni rubovi pru\u017eaju za\u0161titu od grebanja laka. Mo\u017ee se koristiti i za brzo brisanje detalja i za pranje karoserije automobila bez vode. Preporu\u010duje se pranje mikrovlakana na temperaturi do 90\u00b0C bez omek\u0161iva\u010da ili izbjeljiva\u010da. Ne su\u0161ite na radijatorima i ne peglajte. Su\u0161iti u su\u0161ilici.<\/p>\n","protected":false},"featured_media":115163,"comment_status":"open","ping_status":"closed","template":"","meta":{"_acf_changed":false,"inline_featured_image":false},"product_brand":[],"product_cat":[164],"product_tag":[],"class_list":{"0":"post-115162","1":"product","2":"type-product","3":"status-publish","4":"has-post-thumbnail","6":"product_cat-car-detailing","8":"first","9":"instock","10":"taxable","11":"shipping-taxable","12":"purchasable","13":"product-type-simple"},"acf":[],"custom_product_id":"12874","_links":{"self":[{"href":"https:\/\/autostil.ba\/maloprodaja\/wp-json\/wp\/v2\/product\/115162","targetHints":{"allow":["GET"]}}],"collection":[{"href":"https:\/\/autostil.ba\/maloprodaja\/wp-json\/wp\/v2\/product"}],"about":[{"href":"https:\/\/autostil.ba\/maloprodaja\/wp-json\/wp\/v2\/types\/product"}],"replies":[{"embeddable":true,"href":"https:\/\/autostil.ba\/maloprodaja\/wp-json\/wp\/v2\/comments?post=115162"}],"version-history":[{"count":1,"href":"https:\/\/autostil.ba\/maloprodaja\/wp-json\/wp\/v2\/product\/115162\/revisions"}],"predecessor-version":[{"id":115164,"href":"https:\/\/autostil.ba\/maloprodaja\/wp-json\/wp\/v2\/product\/115162\/revisions\/115164"}],"wp:featuredmedia":[{"embeddable":true,"href":"https:\/\/autostil.ba\/maloprodaja\/wp-json\/wp\/v2\/media\/115163"}],"wp:attachment":[{"href":"https:\/\/autostil.ba\/maloprodaja\/wp-json\/wp\/v2\/media?parent=115162"}],"wp:term":[{"taxonomy":"product_brand","embeddable":true,"href":"https:\/\/autostil.ba\/maloprodaja\/wp-json\/wp\/v2\/product_brand?post=115162"},{"taxonomy":"product_cat","embeddable":true,"href":"https:\/\/autostil.ba\/maloprodaja\/wp-json\/wp\/v2\/product_cat?post=115162"},{"taxonomy":"product_tag","embeddable":true,"href":"https:\/\/autostil.ba\/maloprodaja\/wp-json\/wp\/v2\/product_tag?post=115162"}],"curies":[{"name":"wp","href":"https:\/\/api.w.org\/{rel}","templated":true}]}}