{"id":115152,"date":"2025-04-29T12:47:04","date_gmt":"2025-04-29T10:47:04","guid":{"rendered":"https:\/\/autostil.ba\/maloprodaja\/?post_type=product&#038;p=115152"},"modified":"2026-04-08T11:43:01","modified_gmt":"2026-04-08T09:43:01","slug":"krpa-microfiber-detailer-king-dryer-uvrnuti-rucnik-1200g-m2-40x40cm-amtra","status":"publish","type":"product","link":"https:\/\/autostil.ba\/maloprodaja\/proizvod\/12875\/krpa-microfiber-detailer-king-dryer-uvrnuti-rucnik-1200g-m2-40x40cm-amtra\/","title":{"rendered":"KRPA MICROFIBER DETAILER KING DRYER UVRNUTI RU\u010cNIK 1200g\/m2 40x40cm AMTRA"},"content":{"rendered":"","protected":false},"excerpt":{"rendered":"<p>Revolucionarna mikrovlakana napravljena od jedinstvenog tkanja TWISTED PILE vlakana. Dizajniran prvenstveno za brzo i efikasno su\u0161enje laka bez ostavljanja tragova. TWISTED PILE se odlikuje odli\u010dnom apsorpcijom vode i brzim su\u0161enjem samih mikrovlakana. Uvrnute \u010dekinje su\u0161e sama mikrovlakana. Fina, visokokvalitetna vlakna su bez ogrebotina i sigurna za sve vrste boja. Zahvaljuju\u0107i du\u017eini vlakana, mikrovlakna lako klize po laku. Preporu\u010duje se pranje mikrovlakana na temperaturi do 40\u00b0C bez omek\u0161iva\u010da ili izbjeljiva\u010da. Ne su\u0161ite na radijatorima i ne peglajte. Su\u0161iti u su\u0161ilici.<\/p>\n","protected":false},"featured_media":115153,"comment_status":"open","ping_status":"closed","template":"","meta":{"_acf_changed":false,"inline_featured_image":false},"product_brand":[],"product_cat":[164],"product_tag":[],"class_list":{"0":"post-115152","1":"product","2":"type-product","3":"status-publish","4":"has-post-thumbnail","6":"product_cat-car-detailing","8":"first","9":"instock","10":"taxable","11":"shipping-taxable","12":"purchasable","13":"product-type-simple"},"acf":[],"custom_product_id":"12875","_links":{"self":[{"href":"https:\/\/autostil.ba\/maloprodaja\/wp-json\/wp\/v2\/product\/115152","targetHints":{"allow":["GET"]}}],"collection":[{"href":"https:\/\/autostil.ba\/maloprodaja\/wp-json\/wp\/v2\/product"}],"about":[{"href":"https:\/\/autostil.ba\/maloprodaja\/wp-json\/wp\/v2\/types\/product"}],"replies":[{"embeddable":true,"href":"https:\/\/autostil.ba\/maloprodaja\/wp-json\/wp\/v2\/comments?post=115152"}],"version-history":[{"count":1,"href":"https:\/\/autostil.ba\/maloprodaja\/wp-json\/wp\/v2\/product\/115152\/revisions"}],"predecessor-version":[{"id":115154,"href":"https:\/\/autostil.ba\/maloprodaja\/wp-json\/wp\/v2\/product\/115152\/revisions\/115154"}],"wp:featuredmedia":[{"embeddable":true,"href":"https:\/\/autostil.ba\/maloprodaja\/wp-json\/wp\/v2\/media\/115153"}],"wp:attachment":[{"href":"https:\/\/autostil.ba\/maloprodaja\/wp-json\/wp\/v2\/media?parent=115152"}],"wp:term":[{"taxonomy":"product_brand","embeddable":true,"href":"https:\/\/autostil.ba\/maloprodaja\/wp-json\/wp\/v2\/product_brand?post=115152"},{"taxonomy":"product_cat","embeddable":true,"href":"https:\/\/autostil.ba\/maloprodaja\/wp-json\/wp\/v2\/product_cat?post=115152"},{"taxonomy":"product_tag","embeddable":true,"href":"https:\/\/autostil.ba\/maloprodaja\/wp-json\/wp\/v2\/product_tag?post=115152"}],"curies":[{"name":"wp","href":"https:\/\/api.w.org\/{rel}","templated":true}]}}