{"id":115142,"date":"2024-07-18T08:12:03","date_gmt":"2024-07-18T06:12:03","guid":{"rendered":"https:\/\/autostil.ba\/maloprodaja\/?post_type=product&#038;p=115142"},"modified":"2026-04-08T11:43:01","modified_gmt":"2026-04-08T09:43:01","slug":"krpa-microfiber-detailer-king-dryer-uvrnuti-rucnik-xl-1200g-m2-60x90cm-amtra","status":"publish","type":"product","link":"https:\/\/autostil.ba\/maloprodaja\/proizvod\/12876\/krpa-microfiber-detailer-king-dryer-uvrnuti-rucnik-xl-1200g-m2-60x90cm-amtra\/","title":{"rendered":"KRPA MICROFIBER DETAILER KING DRYER UVRNUTI RU\u010cNIK XL 1200g\/m2 60x90cm AMTRA"},"content":{"rendered":"","protected":false},"excerpt":{"rendered":"<p>Revolucionarna mikrovlakana napravljena od jedinstvenog tkanja upletenih vlakana. Dizajnirana prvenstveno za brzo i efikasno su\u0161enje laka bez ostavljanja tragova. Upletena gomila se odlikuje odli\u010dnom apsorpcijom vode i brzim su\u0161enjem samih mikrovlakana. Upletene \u010dekinje odlikuju se odli\u010dnom apsorpcijom vode i brzim su\u0161enjem samih mikrovlakana. Fina, visokokvalitetna vlakna su bez ogrebotina i sigurna za sve vrste boja. Zahvaljuju\u0107i du\u017eini vlakana, mikrovlakna lako klize po laku. Preporu\u010duje se pranje mikrovlakana na temperaturi do 40\u00b0C bez omek\u0161iva\u010da ili izbjeljiva\u010da. Ne su\u0161ite na radijatorima i ne peglajte. Su\u0161iti u su\u0161ilici.<\/p>\n","protected":false},"featured_media":115143,"comment_status":"open","ping_status":"closed","template":"","meta":{"_acf_changed":false,"inline_featured_image":false},"product_brand":[],"product_cat":[164],"product_tag":[],"class_list":{"0":"post-115142","1":"product","2":"type-product","3":"status-publish","4":"has-post-thumbnail","6":"product_cat-car-detailing","8":"first","9":"instock","10":"taxable","11":"shipping-taxable","12":"purchasable","13":"product-type-simple"},"acf":[],"custom_product_id":"12876","_links":{"self":[{"href":"https:\/\/autostil.ba\/maloprodaja\/wp-json\/wp\/v2\/product\/115142","targetHints":{"allow":["GET"]}}],"collection":[{"href":"https:\/\/autostil.ba\/maloprodaja\/wp-json\/wp\/v2\/product"}],"about":[{"href":"https:\/\/autostil.ba\/maloprodaja\/wp-json\/wp\/v2\/types\/product"}],"replies":[{"embeddable":true,"href":"https:\/\/autostil.ba\/maloprodaja\/wp-json\/wp\/v2\/comments?post=115142"}],"version-history":[{"count":1,"href":"https:\/\/autostil.ba\/maloprodaja\/wp-json\/wp\/v2\/product\/115142\/revisions"}],"predecessor-version":[{"id":115144,"href":"https:\/\/autostil.ba\/maloprodaja\/wp-json\/wp\/v2\/product\/115142\/revisions\/115144"}],"wp:featuredmedia":[{"embeddable":true,"href":"https:\/\/autostil.ba\/maloprodaja\/wp-json\/wp\/v2\/media\/115143"}],"wp:attachment":[{"href":"https:\/\/autostil.ba\/maloprodaja\/wp-json\/wp\/v2\/media?parent=115142"}],"wp:term":[{"taxonomy":"product_brand","embeddable":true,"href":"https:\/\/autostil.ba\/maloprodaja\/wp-json\/wp\/v2\/product_brand?post=115142"},{"taxonomy":"product_cat","embeddable":true,"href":"https:\/\/autostil.ba\/maloprodaja\/wp-json\/wp\/v2\/product_cat?post=115142"},{"taxonomy":"product_tag","embeddable":true,"href":"https:\/\/autostil.ba\/maloprodaja\/wp-json\/wp\/v2\/product_tag?post=115142"}],"curies":[{"name":"wp","href":"https:\/\/api.w.org\/{rel}","templated":true}]}}