{"id":115122,"date":"2024-07-18T08:12:02","date_gmt":"2024-07-18T06:12:02","guid":{"rendered":"https:\/\/autostil.ba\/maloprodaja\/?post_type=product&#038;p=115122"},"modified":"2026-04-08T11:43:01","modified_gmt":"2026-04-08T09:43:01","slug":"krpa-microfiber-detailer-dvostrana-uvrnuti-rucnik-580g-m2-53x47cm-amtra","status":"publish","type":"product","link":"https:\/\/autostil.ba\/maloprodaja\/proizvod\/12878\/krpa-microfiber-detailer-dvostrana-uvrnuti-rucnik-580g-m2-53x47cm-amtra\/","title":{"rendered":"KRPA MICROFIBER DETAILER DVOSTRANA UVRNUTI RU\u010cNIK 580g\/m2 53x47cm AMTRA"},"content":{"rendered":"","protected":false},"excerpt":{"rendered":"<p>Revolucionarna mikrovlakana napravljena od jedinstvenih TWISTED PILE vlakana. Pahuljasta strana se koristi za su\u0161enje laka, glatka strana je idealna za \u010di\u0161\u0107enje prozora ili unutra\u0161njosti. Upletena hrpa se odlikuje odli\u010dnom apsorpcijom vode i brzim su\u0161enjem samih mikrovlakana. Stoga je sam proces su\u0161enja br\u017ei u odnosu na standardna mikrovlakana. Fina, visokokvalitetna vlakna ne ostavljaju ogrebotine i sigurna su za sve vrste boja. Fino obrubljivanje produ\u017eava vijek trajanja mikrovlakana, ali tako\u0111er ne uzrokuje dodatne ogrebotine. Zahvaljuju\u0107i odgovaraju\u0107oj du\u017eini vlakana mikrovlakna lako klize po laku. Preporu\u010duje se pranje mikrovlakana na temperaturi do 40\u00b0C bez omek\u0161iva\u010da ili izbjeljiva\u010da. Ne su\u0161ite na radijatorima i ne peglajte.<\/p>\n","protected":false},"featured_media":115123,"comment_status":"open","ping_status":"closed","template":"","meta":{"_acf_changed":false,"inline_featured_image":false},"product_brand":[],"product_cat":[164],"product_tag":[],"class_list":{"0":"post-115122","1":"product","2":"type-product","3":"status-publish","4":"has-post-thumbnail","6":"product_cat-car-detailing","8":"first","9":"instock","10":"taxable","11":"shipping-taxable","12":"purchasable","13":"product-type-simple"},"acf":[],"custom_product_id":"12878","_links":{"self":[{"href":"https:\/\/autostil.ba\/maloprodaja\/wp-json\/wp\/v2\/product\/115122","targetHints":{"allow":["GET"]}}],"collection":[{"href":"https:\/\/autostil.ba\/maloprodaja\/wp-json\/wp\/v2\/product"}],"about":[{"href":"https:\/\/autostil.ba\/maloprodaja\/wp-json\/wp\/v2\/types\/product"}],"replies":[{"embeddable":true,"href":"https:\/\/autostil.ba\/maloprodaja\/wp-json\/wp\/v2\/comments?post=115122"}],"version-history":[{"count":1,"href":"https:\/\/autostil.ba\/maloprodaja\/wp-json\/wp\/v2\/product\/115122\/revisions"}],"predecessor-version":[{"id":115124,"href":"https:\/\/autostil.ba\/maloprodaja\/wp-json\/wp\/v2\/product\/115122\/revisions\/115124"}],"wp:featuredmedia":[{"embeddable":true,"href":"https:\/\/autostil.ba\/maloprodaja\/wp-json\/wp\/v2\/media\/115123"}],"wp:attachment":[{"href":"https:\/\/autostil.ba\/maloprodaja\/wp-json\/wp\/v2\/media?parent=115122"}],"wp:term":[{"taxonomy":"product_brand","embeddable":true,"href":"https:\/\/autostil.ba\/maloprodaja\/wp-json\/wp\/v2\/product_brand?post=115122"},{"taxonomy":"product_cat","embeddable":true,"href":"https:\/\/autostil.ba\/maloprodaja\/wp-json\/wp\/v2\/product_cat?post=115122"},{"taxonomy":"product_tag","embeddable":true,"href":"https:\/\/autostil.ba\/maloprodaja\/wp-json\/wp\/v2\/product_tag?post=115122"}],"curies":[{"name":"wp","href":"https:\/\/api.w.org\/{rel}","templated":true}]}}