{"id":115082,"date":"2024-07-18T08:12:00","date_gmt":"2024-07-18T06:12:00","guid":{"rendered":"https:\/\/autostil.ba\/maloprodaja\/?post_type=product&#038;p=115082"},"modified":"2026-04-08T11:42:56","modified_gmt":"2026-04-08T09:42:56","slug":"losion-za-instrument-tablu-sa-voskom-5l","status":"publish","type":"product","link":"https:\/\/autostil.ba\/maloprodaja\/proizvod\/7535\/losion-za-instrument-tablu-sa-voskom-5l\/","title":{"rendered":"LOSION ZA INSTRUMENT TABLU SA VOSKOM 5L"},"content":{"rendered":"","protected":false},"excerpt":{"rendered":"<p>LOSION ZA INSTRUMENT TABLU SA VOSKOM 5L Losion za instrument tablu, s prirodnim voskom. \u010cisti i \u0161titi plasti\u010dne elemente enterijera automobila. Proizvod daje sjaj blatobranima, spojlerima, gumama. Ovaj antistati\u010dki proizvod koji ne sadr\u017ei masti, spre\u010dava talo\u017eenje pra\u0161ine.<\/p>\n","protected":false},"featured_media":115083,"comment_status":"open","ping_status":"closed","template":"","meta":{"_acf_changed":false,"inline_featured_image":false},"product_brand":[],"product_cat":[164],"product_tag":[],"class_list":{"0":"post-115082","1":"product","2":"type-product","3":"status-publish","4":"has-post-thumbnail","6":"product_cat-car-detailing","8":"first","9":"instock","10":"taxable","11":"shipping-taxable","12":"purchasable","13":"product-type-simple"},"acf":[],"custom_product_id":"7535","_links":{"self":[{"href":"https:\/\/autostil.ba\/maloprodaja\/wp-json\/wp\/v2\/product\/115082","targetHints":{"allow":["GET"]}}],"collection":[{"href":"https:\/\/autostil.ba\/maloprodaja\/wp-json\/wp\/v2\/product"}],"about":[{"href":"https:\/\/autostil.ba\/maloprodaja\/wp-json\/wp\/v2\/types\/product"}],"replies":[{"embeddable":true,"href":"https:\/\/autostil.ba\/maloprodaja\/wp-json\/wp\/v2\/comments?post=115082"}],"version-history":[{"count":1,"href":"https:\/\/autostil.ba\/maloprodaja\/wp-json\/wp\/v2\/product\/115082\/revisions"}],"predecessor-version":[{"id":115084,"href":"https:\/\/autostil.ba\/maloprodaja\/wp-json\/wp\/v2\/product\/115082\/revisions\/115084"}],"wp:featuredmedia":[{"embeddable":true,"href":"https:\/\/autostil.ba\/maloprodaja\/wp-json\/wp\/v2\/media\/115083"}],"wp:attachment":[{"href":"https:\/\/autostil.ba\/maloprodaja\/wp-json\/wp\/v2\/media?parent=115082"}],"wp:term":[{"taxonomy":"product_brand","embeddable":true,"href":"https:\/\/autostil.ba\/maloprodaja\/wp-json\/wp\/v2\/product_brand?post=115082"},{"taxonomy":"product_cat","embeddable":true,"href":"https:\/\/autostil.ba\/maloprodaja\/wp-json\/wp\/v2\/product_cat?post=115082"},{"taxonomy":"product_tag","embeddable":true,"href":"https:\/\/autostil.ba\/maloprodaja\/wp-json\/wp\/v2\/product_tag?post=115082"}],"curies":[{"name":"wp","href":"https:\/\/api.w.org\/{rel}","templated":true}]}}