{"id":114732,"date":"2025-11-11T14:17:45","date_gmt":"2025-11-11T12:17:45","guid":{"rendered":"https:\/\/autostil.ba\/maloprodaja\/?post_type=product&#038;p=114732"},"modified":"2026-04-08T11:42:38","modified_gmt":"2026-04-08T09:42:38","slug":"miris-za-auto-aroma-car-fresh-bag-red-fruits","status":"publish","type":"product","link":"https:\/\/autostil.ba\/maloprodaja\/proizvod\/4476\/miris-za-auto-aroma-car-fresh-bag-red-fruits\/","title":{"rendered":"MIRIS ZA AUTO AROMA CAR FRESH BAG RED FRUITS"},"content":{"rendered":"","protected":false},"excerpt":{"rendered":"<p>MIRIS ZA AUTO AROMA CAR FRESH BAG RED FRUITS Aromati\u010dna ukrasna vre\u0107ica u kojoj se nalaze polimerne kuglice sa mirisima. Savr\u0161eno za vje\u0161anje na zadnje ogledalo ili postavljanje na ventilacijski otvor.<\/p>\n","protected":false},"featured_media":114733,"comment_status":"open","ping_status":"closed","template":"","meta":{"_acf_changed":false,"inline_featured_image":false},"product_brand":[],"product_cat":[78],"product_tag":[],"class_list":{"0":"post-114732","1":"product","2":"type-product","3":"status-publish","4":"has-post-thumbnail","6":"product_cat-mirisi-za-auto","8":"first","9":"instock","10":"taxable","11":"shipping-taxable","12":"purchasable","13":"product-type-simple"},"acf":[],"custom_product_id":"4476","_links":{"self":[{"href":"https:\/\/autostil.ba\/maloprodaja\/wp-json\/wp\/v2\/product\/114732","targetHints":{"allow":["GET"]}}],"collection":[{"href":"https:\/\/autostil.ba\/maloprodaja\/wp-json\/wp\/v2\/product"}],"about":[{"href":"https:\/\/autostil.ba\/maloprodaja\/wp-json\/wp\/v2\/types\/product"}],"replies":[{"embeddable":true,"href":"https:\/\/autostil.ba\/maloprodaja\/wp-json\/wp\/v2\/comments?post=114732"}],"version-history":[{"count":1,"href":"https:\/\/autostil.ba\/maloprodaja\/wp-json\/wp\/v2\/product\/114732\/revisions"}],"predecessor-version":[{"id":114734,"href":"https:\/\/autostil.ba\/maloprodaja\/wp-json\/wp\/v2\/product\/114732\/revisions\/114734"}],"wp:featuredmedia":[{"embeddable":true,"href":"https:\/\/autostil.ba\/maloprodaja\/wp-json\/wp\/v2\/media\/114733"}],"wp:attachment":[{"href":"https:\/\/autostil.ba\/maloprodaja\/wp-json\/wp\/v2\/media?parent=114732"}],"wp:term":[{"taxonomy":"product_brand","embeddable":true,"href":"https:\/\/autostil.ba\/maloprodaja\/wp-json\/wp\/v2\/product_brand?post=114732"},{"taxonomy":"product_cat","embeddable":true,"href":"https:\/\/autostil.ba\/maloprodaja\/wp-json\/wp\/v2\/product_cat?post=114732"},{"taxonomy":"product_tag","embeddable":true,"href":"https:\/\/autostil.ba\/maloprodaja\/wp-json\/wp\/v2\/product_tag?post=114732"}],"curies":[{"name":"wp","href":"https:\/\/api.w.org\/{rel}","templated":true}]}}