{"id":114602,"date":"2025-11-11T14:18:38","date_gmt":"2025-11-11T12:18:38","guid":{"rendered":"https:\/\/autostil.ba\/maloprodaja\/?post_type=product&#038;p=114602"},"modified":"2026-04-08T11:42:33","modified_gmt":"2026-04-08T09:42:33","slug":"miris-za-auto-aroma-car-fresh-bag-vanilla","status":"publish","type":"product","link":"https:\/\/autostil.ba\/maloprodaja\/proizvod\/5737\/miris-za-auto-aroma-car-fresh-bag-vanilla\/","title":{"rendered":"MIRIS ZA AUTO AROMA CAR FRESH BAG VANILLA"},"content":{"rendered":"","protected":false},"excerpt":{"rendered":"<p>MIRIS ZA AUTO AROMA CAR FRESH BAG VANILLA Aromati\u010dna ukrasna vre\u0107ica u kojoj se nalaze polimerne kuglice sa mirisima. Savr\u0161eno za vje\u0161anje na zadnje ogledalo ili postavljanje na ventilacijski otvor.<\/p>\n","protected":false},"featured_media":114603,"comment_status":"open","ping_status":"closed","template":"","meta":{"_acf_changed":false,"inline_featured_image":false},"product_brand":[],"product_cat":[78],"product_tag":[],"class_list":{"0":"post-114602","1":"product","2":"type-product","3":"status-publish","4":"has-post-thumbnail","6":"product_cat-mirisi-za-auto","8":"first","9":"instock","10":"taxable","11":"shipping-taxable","12":"purchasable","13":"product-type-simple"},"acf":[],"custom_product_id":"5737","_links":{"self":[{"href":"https:\/\/autostil.ba\/maloprodaja\/wp-json\/wp\/v2\/product\/114602","targetHints":{"allow":["GET"]}}],"collection":[{"href":"https:\/\/autostil.ba\/maloprodaja\/wp-json\/wp\/v2\/product"}],"about":[{"href":"https:\/\/autostil.ba\/maloprodaja\/wp-json\/wp\/v2\/types\/product"}],"replies":[{"embeddable":true,"href":"https:\/\/autostil.ba\/maloprodaja\/wp-json\/wp\/v2\/comments?post=114602"}],"version-history":[{"count":1,"href":"https:\/\/autostil.ba\/maloprodaja\/wp-json\/wp\/v2\/product\/114602\/revisions"}],"predecessor-version":[{"id":114604,"href":"https:\/\/autostil.ba\/maloprodaja\/wp-json\/wp\/v2\/product\/114602\/revisions\/114604"}],"wp:featuredmedia":[{"embeddable":true,"href":"https:\/\/autostil.ba\/maloprodaja\/wp-json\/wp\/v2\/media\/114603"}],"wp:attachment":[{"href":"https:\/\/autostil.ba\/maloprodaja\/wp-json\/wp\/v2\/media?parent=114602"}],"wp:term":[{"taxonomy":"product_brand","embeddable":true,"href":"https:\/\/autostil.ba\/maloprodaja\/wp-json\/wp\/v2\/product_brand?post=114602"},{"taxonomy":"product_cat","embeddable":true,"href":"https:\/\/autostil.ba\/maloprodaja\/wp-json\/wp\/v2\/product_cat?post=114602"},{"taxonomy":"product_tag","embeddable":true,"href":"https:\/\/autostil.ba\/maloprodaja\/wp-json\/wp\/v2\/product_tag?post=114602"}],"curies":[{"name":"wp","href":"https:\/\/api.w.org\/{rel}","templated":true}]}}