{"id":114512,"date":"2025-11-11T14:39:34","date_gmt":"2025-11-11T12:39:34","guid":{"rendered":"https:\/\/autostil.ba\/maloprodaja\/?post_type=product&#038;p=114512"},"modified":"2026-04-08T11:42:27","modified_gmt":"2026-04-08T09:42:27","slug":"miris-za-auto-aroma-car-ventis-ocean-calm","status":"publish","type":"product","link":"https:\/\/autostil.ba\/maloprodaja\/proizvod\/11317\/miris-za-auto-aroma-car-ventis-ocean-calm\/","title":{"rendered":"MIRIS ZA AUTO AROMA CAR VENTIS OCEAN CALM"},"content":{"rendered":"","protected":false},"excerpt":{"rendered":"<p>Inovativni proizvod u svojoj kategoriji, koji kombinuje efekat sporog i dugotrajnog isparavanja sa intenzitetom mirisa. Teku\u0107i miris zatvoren u staklenoj bo\u010dici, koji isparava kroz celulozni fitilj smje\u0161ten u vratu bo\u010dice.<\/p>\n","protected":false},"featured_media":793046250,"comment_status":"open","ping_status":"closed","template":"","meta":{"_acf_changed":false,"inline_featured_image":false},"product_brand":[],"product_cat":[78],"product_tag":[],"class_list":{"0":"post-114512","1":"product","2":"type-product","3":"status-publish","4":"has-post-thumbnail","6":"product_cat-mirisi-za-auto","8":"first","9":"instock","10":"taxable","11":"shipping-taxable","12":"purchasable","13":"product-type-simple"},"acf":[],"custom_product_id":"11317","_links":{"self":[{"href":"https:\/\/autostil.ba\/maloprodaja\/wp-json\/wp\/v2\/product\/114512","targetHints":{"allow":["GET"]}}],"collection":[{"href":"https:\/\/autostil.ba\/maloprodaja\/wp-json\/wp\/v2\/product"}],"about":[{"href":"https:\/\/autostil.ba\/maloprodaja\/wp-json\/wp\/v2\/types\/product"}],"replies":[{"embeddable":true,"href":"https:\/\/autostil.ba\/maloprodaja\/wp-json\/wp\/v2\/comments?post=114512"}],"version-history":[{"count":1,"href":"https:\/\/autostil.ba\/maloprodaja\/wp-json\/wp\/v2\/product\/114512\/revisions"}],"predecessor-version":[{"id":114514,"href":"https:\/\/autostil.ba\/maloprodaja\/wp-json\/wp\/v2\/product\/114512\/revisions\/114514"}],"wp:featuredmedia":[{"embeddable":true,"href":"https:\/\/autostil.ba\/maloprodaja\/wp-json\/wp\/v2\/media\/793046250"}],"wp:attachment":[{"href":"https:\/\/autostil.ba\/maloprodaja\/wp-json\/wp\/v2\/media?parent=114512"}],"wp:term":[{"taxonomy":"product_brand","embeddable":true,"href":"https:\/\/autostil.ba\/maloprodaja\/wp-json\/wp\/v2\/product_brand?post=114512"},{"taxonomy":"product_cat","embeddable":true,"href":"https:\/\/autostil.ba\/maloprodaja\/wp-json\/wp\/v2\/product_cat?post=114512"},{"taxonomy":"product_tag","embeddable":true,"href":"https:\/\/autostil.ba\/maloprodaja\/wp-json\/wp\/v2\/product_tag?post=114512"}],"curies":[{"name":"wp","href":"https:\/\/api.w.org\/{rel}","templated":true}]}}