{"id":114452,"date":"2026-02-05T15:11:32","date_gmt":"2026-02-05T13:11:32","guid":{"rendered":"https:\/\/autostil.ba\/maloprodaja\/?post_type=product&#038;p=114452"},"modified":"2026-04-08T11:42:21","modified_gmt":"2026-04-08T09:42:21","slug":"miris-za-auto-aroma-car-manny-new-car","status":"publish","type":"product","link":"https:\/\/autostil.ba\/maloprodaja\/proizvod\/11816\/miris-za-auto-aroma-car-manny-new-car\/","title":{"rendered":"MIRIS ZA AUTO AROMA CAR MANNY NEW CAR"},"content":{"rendered":"","protected":false},"excerpt":{"rendered":"<p>Mali polimerni \u010dovjek kao mirisni privjesak za klju\u010deve ili osvje\u017eiva\u010d zraka, kao i originalan ukras va\u0161eg automobila. Polimer \u2013 siguran materijal koji sadr\u017ei miris koji se osloba\u0111a u procesu isparavanja. Na\u010din upotrebe: Izvadite proizvod iz ambala\u017ee. Mo\u017eete odabrati jedan od 2 oblika kori\u0161tenja. Pri\u010dvrstite plasti\u010dni prsten i koristite proizvod kao mirisni privjesak za klju\u010deve ili ga postavite na ventilacijski otvor u automobilu pomo\u0107u ru\u010dke.<\/p>\n","protected":false},"featured_media":114453,"comment_status":"open","ping_status":"closed","template":"","meta":{"_acf_changed":false,"inline_featured_image":false},"product_brand":[],"product_cat":[78],"product_tag":[],"class_list":{"0":"post-114452","1":"product","2":"type-product","3":"status-publish","4":"has-post-thumbnail","6":"product_cat-mirisi-za-auto","8":"first","9":"instock","10":"taxable","11":"shipping-taxable","12":"purchasable","13":"product-type-simple"},"acf":[],"custom_product_id":"11816","_links":{"self":[{"href":"https:\/\/autostil.ba\/maloprodaja\/wp-json\/wp\/v2\/product\/114452","targetHints":{"allow":["GET"]}}],"collection":[{"href":"https:\/\/autostil.ba\/maloprodaja\/wp-json\/wp\/v2\/product"}],"about":[{"href":"https:\/\/autostil.ba\/maloprodaja\/wp-json\/wp\/v2\/types\/product"}],"replies":[{"embeddable":true,"href":"https:\/\/autostil.ba\/maloprodaja\/wp-json\/wp\/v2\/comments?post=114452"}],"version-history":[{"count":1,"href":"https:\/\/autostil.ba\/maloprodaja\/wp-json\/wp\/v2\/product\/114452\/revisions"}],"predecessor-version":[{"id":114454,"href":"https:\/\/autostil.ba\/maloprodaja\/wp-json\/wp\/v2\/product\/114452\/revisions\/114454"}],"wp:featuredmedia":[{"embeddable":true,"href":"https:\/\/autostil.ba\/maloprodaja\/wp-json\/wp\/v2\/media\/114453"}],"wp:attachment":[{"href":"https:\/\/autostil.ba\/maloprodaja\/wp-json\/wp\/v2\/media?parent=114452"}],"wp:term":[{"taxonomy":"product_brand","embeddable":true,"href":"https:\/\/autostil.ba\/maloprodaja\/wp-json\/wp\/v2\/product_brand?post=114452"},{"taxonomy":"product_cat","embeddable":true,"href":"https:\/\/autostil.ba\/maloprodaja\/wp-json\/wp\/v2\/product_cat?post=114452"},{"taxonomy":"product_tag","embeddable":true,"href":"https:\/\/autostil.ba\/maloprodaja\/wp-json\/wp\/v2\/product_tag?post=114452"}],"curies":[{"name":"wp","href":"https:\/\/api.w.org\/{rel}","templated":true}]}}