{"id":114392,"date":"2024-11-05T15:29:29","date_gmt":"2024-11-05T13:29:29","guid":{"rendered":"https:\/\/autostil.ba\/maloprodaja\/?post_type=product&#038;p=114392"},"modified":"2026-04-08T11:42:21","modified_gmt":"2026-04-08T09:42:21","slug":"miris-za-auto-aroma-car-wood-6ml-ocean","status":"publish","type":"product","link":"https:\/\/autostil.ba\/maloprodaja\/proizvod\/6320\/miris-za-auto-aroma-car-wood-6ml-ocean\/","title":{"rendered":"MIRIS ZA AUTO AROMA CAR WOOD 6ml OCEAN"},"content":{"rendered":"","protected":false},"excerpt":{"rendered":"<p>MIRIS ZA AUTO AROMA CAR WOOD 6ml OCEAN Drvena pluta i staklena boca u kojima se nalazi te\u010dni miris tajna su snage ovog osvje\u017eiva\u010da vazduha u automobilu. Mirisna dekoracija napravljena od ekolo\u0161kih materijala osvje\u017ei\u0107e atmosferu i izgled svakog automobila.<\/p>\n","protected":false},"featured_media":793045006,"comment_status":"open","ping_status":"closed","template":"","meta":{"_acf_changed":false,"inline_featured_image":false},"product_brand":[],"product_cat":[78],"product_tag":[],"class_list":{"0":"post-114392","1":"product","2":"type-product","3":"status-publish","4":"has-post-thumbnail","6":"product_cat-mirisi-za-auto","8":"first","9":"instock","10":"taxable","11":"shipping-taxable","12":"purchasable","13":"product-type-simple"},"acf":[],"custom_product_id":"6320","_links":{"self":[{"href":"https:\/\/autostil.ba\/maloprodaja\/wp-json\/wp\/v2\/product\/114392","targetHints":{"allow":["GET"]}}],"collection":[{"href":"https:\/\/autostil.ba\/maloprodaja\/wp-json\/wp\/v2\/product"}],"about":[{"href":"https:\/\/autostil.ba\/maloprodaja\/wp-json\/wp\/v2\/types\/product"}],"replies":[{"embeddable":true,"href":"https:\/\/autostil.ba\/maloprodaja\/wp-json\/wp\/v2\/comments?post=114392"}],"version-history":[{"count":1,"href":"https:\/\/autostil.ba\/maloprodaja\/wp-json\/wp\/v2\/product\/114392\/revisions"}],"predecessor-version":[{"id":114394,"href":"https:\/\/autostil.ba\/maloprodaja\/wp-json\/wp\/v2\/product\/114392\/revisions\/114394"}],"wp:featuredmedia":[{"embeddable":true,"href":"https:\/\/autostil.ba\/maloprodaja\/wp-json\/wp\/v2\/media\/793045006"}],"wp:attachment":[{"href":"https:\/\/autostil.ba\/maloprodaja\/wp-json\/wp\/v2\/media?parent=114392"}],"wp:term":[{"taxonomy":"product_brand","embeddable":true,"href":"https:\/\/autostil.ba\/maloprodaja\/wp-json\/wp\/v2\/product_brand?post=114392"},{"taxonomy":"product_cat","embeddable":true,"href":"https:\/\/autostil.ba\/maloprodaja\/wp-json\/wp\/v2\/product_cat?post=114392"},{"taxonomy":"product_tag","embeddable":true,"href":"https:\/\/autostil.ba\/maloprodaja\/wp-json\/wp\/v2\/product_tag?post=114392"}],"curies":[{"name":"wp","href":"https:\/\/api.w.org\/{rel}","templated":true}]}}