{"id":114342,"date":"2024-07-18T08:11:27","date_gmt":"2024-07-18T06:11:27","guid":{"rendered":"https:\/\/autostil.ba\/maloprodaja\/?post_type=product&#038;p=114342"},"modified":"2026-04-08T11:42:16","modified_gmt":"2026-04-08T09:42:16","slug":"brisaci-inwells-5353cm-vw-passat-2002-do-2005-skoda-superb-2002-do-2005","status":"publish","type":"product","link":"https:\/\/autostil.ba\/maloprodaja\/proizvod\/4369\/brisaci-inwells-5353cm-vw-passat-2002-do-2005-skoda-superb-2002-do-2005\/","title":{"rendered":"BRISA\u010cI INWELLS 53+53cm VW PASSAT 2002 DO 2005, \u0160KODA SUPERB 2002 DO 2005"},"content":{"rendered":"","protected":false},"excerpt":{"rendered":"<p>BRISA\u010cI INWELLS 53+53cm VW PASSAT 2002 DO  2005, \u0160KODA SUPERB 2002 DO 2005<\/p>\n","protected":false},"featured_media":114343,"comment_status":"open","ping_status":"closed","template":"","meta":{"_acf_changed":false,"inline_featured_image":false},"product_brand":[],"product_cat":[45],"product_tag":[],"class_list":{"0":"post-114342","1":"product","2":"type-product","3":"status-publish","4":"has-post-thumbnail","6":"product_cat-metlice-brisaca-autosystem","8":"first","9":"instock","10":"taxable","11":"shipping-taxable","12":"purchasable","13":"product-type-simple"},"acf":[],"custom_product_id":"4369","_links":{"self":[{"href":"https:\/\/autostil.ba\/maloprodaja\/wp-json\/wp\/v2\/product\/114342","targetHints":{"allow":["GET"]}}],"collection":[{"href":"https:\/\/autostil.ba\/maloprodaja\/wp-json\/wp\/v2\/product"}],"about":[{"href":"https:\/\/autostil.ba\/maloprodaja\/wp-json\/wp\/v2\/types\/product"}],"replies":[{"embeddable":true,"href":"https:\/\/autostil.ba\/maloprodaja\/wp-json\/wp\/v2\/comments?post=114342"}],"version-history":[{"count":1,"href":"https:\/\/autostil.ba\/maloprodaja\/wp-json\/wp\/v2\/product\/114342\/revisions"}],"predecessor-version":[{"id":114344,"href":"https:\/\/autostil.ba\/maloprodaja\/wp-json\/wp\/v2\/product\/114342\/revisions\/114344"}],"wp:featuredmedia":[{"embeddable":true,"href":"https:\/\/autostil.ba\/maloprodaja\/wp-json\/wp\/v2\/media\/114343"}],"wp:attachment":[{"href":"https:\/\/autostil.ba\/maloprodaja\/wp-json\/wp\/v2\/media?parent=114342"}],"wp:term":[{"taxonomy":"product_brand","embeddable":true,"href":"https:\/\/autostil.ba\/maloprodaja\/wp-json\/wp\/v2\/product_brand?post=114342"},{"taxonomy":"product_cat","embeddable":true,"href":"https:\/\/autostil.ba\/maloprodaja\/wp-json\/wp\/v2\/product_cat?post=114342"},{"taxonomy":"product_tag","embeddable":true,"href":"https:\/\/autostil.ba\/maloprodaja\/wp-json\/wp\/v2\/product_tag?post=114342"}],"curies":[{"name":"wp","href":"https:\/\/api.w.org\/{rel}","templated":true}]}}