{"id":114312,"date":"2024-12-18T12:48:25","date_gmt":"2024-12-18T10:48:25","guid":{"rendered":"https:\/\/autostil.ba\/maloprodaja\/?post_type=product&#038;p=114312"},"modified":"2026-04-08T11:42:16","modified_gmt":"2026-04-08T09:42:16","slug":"navlaka-rucke-mjenjaca-sport-grip-siva","status":"publish","type":"product","link":"https:\/\/autostil.ba\/maloprodaja\/proizvod\/11756\/navlaka-rucke-mjenjaca-sport-grip-siva\/","title":{"rendered":"NAVLAKA RUCKE MJENJA\u010cA SPORT GRIP SIVA"},"content":{"rendered":"","protected":false},"excerpt":{"rendered":"<p>NAVLAKA RU\u010cKE MJENJA\u010cA SPORT GRIP; Navlaka ru\u010dke mjenja\u010da, univerzalan, rastezljiv. Specijalne obloge od neoprena za ve\u0107u udobnost. Dobro prijanjanje u svim uslovima. Boja siva.<\/p>\n","protected":false},"featured_media":793047399,"comment_status":"open","ping_status":"closed","template":"","meta":{"_acf_changed":false,"inline_featured_image":false},"product_brand":[],"product_cat":[904],"product_tag":[],"class_list":{"0":"post-114312","1":"product","2":"type-product","3":"status-publish","4":"has-post-thumbnail","6":"product_cat-navlake-rucke-mjenjaca","7":"pa_brend-univrzalno","9":"first","10":"instock","11":"taxable","12":"shipping-taxable","13":"purchasable","14":"product-type-simple"},"acf":[],"custom_product_id":"11756","_links":{"self":[{"href":"https:\/\/autostil.ba\/maloprodaja\/wp-json\/wp\/v2\/product\/114312","targetHints":{"allow":["GET"]}}],"collection":[{"href":"https:\/\/autostil.ba\/maloprodaja\/wp-json\/wp\/v2\/product"}],"about":[{"href":"https:\/\/autostil.ba\/maloprodaja\/wp-json\/wp\/v2\/types\/product"}],"replies":[{"embeddable":true,"href":"https:\/\/autostil.ba\/maloprodaja\/wp-json\/wp\/v2\/comments?post=114312"}],"version-history":[{"count":1,"href":"https:\/\/autostil.ba\/maloprodaja\/wp-json\/wp\/v2\/product\/114312\/revisions"}],"predecessor-version":[{"id":114314,"href":"https:\/\/autostil.ba\/maloprodaja\/wp-json\/wp\/v2\/product\/114312\/revisions\/114314"}],"wp:featuredmedia":[{"embeddable":true,"href":"https:\/\/autostil.ba\/maloprodaja\/wp-json\/wp\/v2\/media\/793047399"}],"wp:attachment":[{"href":"https:\/\/autostil.ba\/maloprodaja\/wp-json\/wp\/v2\/media?parent=114312"}],"wp:term":[{"taxonomy":"product_brand","embeddable":true,"href":"https:\/\/autostil.ba\/maloprodaja\/wp-json\/wp\/v2\/product_brand?post=114312"},{"taxonomy":"product_cat","embeddable":true,"href":"https:\/\/autostil.ba\/maloprodaja\/wp-json\/wp\/v2\/product_cat?post=114312"},{"taxonomy":"product_tag","embeddable":true,"href":"https:\/\/autostil.ba\/maloprodaja\/wp-json\/wp\/v2\/product_tag?post=114312"}],"curies":[{"name":"wp","href":"https:\/\/api.w.org\/{rel}","templated":true}]}}