{"id":114202,"date":"2025-12-10T08:57:21","date_gmt":"2025-12-10T06:57:21","guid":{"rendered":"https:\/\/autostil.ba\/maloprodaja\/?post_type=product&#038;p=114202"},"modified":"2026-04-08T11:42:09","modified_gmt":"2026-04-08T09:42:09","slug":"filter-zraka-sportski-mali","status":"publish","type":"product","link":"https:\/\/autostil.ba\/maloprodaja\/proizvod\/6252\/filter-zraka-sportski-mali\/","title":{"rendered":"FILTER ZRAKA SPORTSKI MALI"},"content":{"rendered":"","protected":false},"excerpt":{"rendered":"<p>FILTER ZRAKA SPORTSKI MALI Cilindri\u010dni filter za vazduh \u00d8 12 mm. Direktno postavljanje na usis zraka. Jednostavno postavljanje kroz \u010deli\u010dni remen. Ekskluzivni trka\u010dki izgled.<br \/>\nVe\u0107e performanse zahvaljuju\u0107i direktnom ulazu zraka bez ograni\u010denja. Precizna filtriranje zraka.<br \/>\nVisina mm 40 osnova \u00d8 mm 50 monta\u017ea \u00d8 12 mm<\/p>\n","protected":false},"featured_media":114203,"comment_status":"open","ping_status":"closed","template":"","meta":{"_acf_changed":false,"inline_featured_image":false},"product_brand":[],"product_cat":[74],"product_tag":[],"class_list":{"0":"post-114202","1":"product","2":"type-product","3":"status-publish","4":"has-post-thumbnail","6":"product_cat-filteri-sportski","8":"first","9":"instock","10":"taxable","11":"shipping-taxable","12":"purchasable","13":"product-type-simple"},"acf":[],"custom_product_id":"6252","_links":{"self":[{"href":"https:\/\/autostil.ba\/maloprodaja\/wp-json\/wp\/v2\/product\/114202","targetHints":{"allow":["GET"]}}],"collection":[{"href":"https:\/\/autostil.ba\/maloprodaja\/wp-json\/wp\/v2\/product"}],"about":[{"href":"https:\/\/autostil.ba\/maloprodaja\/wp-json\/wp\/v2\/types\/product"}],"replies":[{"embeddable":true,"href":"https:\/\/autostil.ba\/maloprodaja\/wp-json\/wp\/v2\/comments?post=114202"}],"version-history":[{"count":1,"href":"https:\/\/autostil.ba\/maloprodaja\/wp-json\/wp\/v2\/product\/114202\/revisions"}],"predecessor-version":[{"id":114204,"href":"https:\/\/autostil.ba\/maloprodaja\/wp-json\/wp\/v2\/product\/114202\/revisions\/114204"}],"wp:featuredmedia":[{"embeddable":true,"href":"https:\/\/autostil.ba\/maloprodaja\/wp-json\/wp\/v2\/media\/114203"}],"wp:attachment":[{"href":"https:\/\/autostil.ba\/maloprodaja\/wp-json\/wp\/v2\/media?parent=114202"}],"wp:term":[{"taxonomy":"product_brand","embeddable":true,"href":"https:\/\/autostil.ba\/maloprodaja\/wp-json\/wp\/v2\/product_brand?post=114202"},{"taxonomy":"product_cat","embeddable":true,"href":"https:\/\/autostil.ba\/maloprodaja\/wp-json\/wp\/v2\/product_cat?post=114202"},{"taxonomy":"product_tag","embeddable":true,"href":"https:\/\/autostil.ba\/maloprodaja\/wp-json\/wp\/v2\/product_tag?post=114202"}],"curies":[{"name":"wp","href":"https:\/\/api.w.org\/{rel}","templated":true}]}}