{"id":114192,"date":"2024-07-18T08:11:20","date_gmt":"2024-07-18T06:11:20","guid":{"rendered":"https:\/\/autostil.ba\/maloprodaja\/?post_type=product&#038;p=114192"},"modified":"2026-04-08T11:42:09","modified_gmt":"2026-04-08T09:42:09","slug":"filter-zraka-sportski-af2-lampa","status":"publish","type":"product","link":"https:\/\/autostil.ba\/maloprodaja\/proizvod\/557\/filter-zraka-sportski-af2-lampa\/","title":{"rendered":"FILTER ZRAKA SPORTSKI AF2 LAMPA"},"content":{"rendered":"","protected":false},"excerpt":{"rendered":"<p>AF-2, konusni filter za vazduh<br \/>\nOdgovara ve\u0107ini automobila. Direktno postavljanje na ulaz zraka kroz traku od nehr\u0111aju\u0107eg \u010delika i adaptere.<\/p>\n<p>Ekskluzivni trka\u0107i izgled i sportski zvuk.<\/p>\n<p>Ve\u0107e performanse zahvaljuju\u0107i direktnom slobodnom protoku vazduha bez ikakvih su\u017eenja.<\/p>\n<p>Visina mm 150 &#8211; Baza \u00d8 mm 122 &#8211; Priklju\u010dak \u00d8 60~90 mm sa univerzalnim adapterom<\/p>\n","protected":false},"featured_media":114193,"comment_status":"open","ping_status":"closed","template":"","meta":{"_acf_changed":false,"inline_featured_image":false},"product_brand":[],"product_cat":[74],"product_tag":[],"class_list":{"0":"post-114192","1":"product","2":"type-product","3":"status-publish","4":"has-post-thumbnail","6":"product_cat-filteri-sportski","8":"first","9":"instock","10":"taxable","11":"shipping-taxable","12":"purchasable","13":"product-type-simple"},"acf":[],"custom_product_id":"557","_links":{"self":[{"href":"https:\/\/autostil.ba\/maloprodaja\/wp-json\/wp\/v2\/product\/114192","targetHints":{"allow":["GET"]}}],"collection":[{"href":"https:\/\/autostil.ba\/maloprodaja\/wp-json\/wp\/v2\/product"}],"about":[{"href":"https:\/\/autostil.ba\/maloprodaja\/wp-json\/wp\/v2\/types\/product"}],"replies":[{"embeddable":true,"href":"https:\/\/autostil.ba\/maloprodaja\/wp-json\/wp\/v2\/comments?post=114192"}],"version-history":[{"count":1,"href":"https:\/\/autostil.ba\/maloprodaja\/wp-json\/wp\/v2\/product\/114192\/revisions"}],"predecessor-version":[{"id":114194,"href":"https:\/\/autostil.ba\/maloprodaja\/wp-json\/wp\/v2\/product\/114192\/revisions\/114194"}],"wp:featuredmedia":[{"embeddable":true,"href":"https:\/\/autostil.ba\/maloprodaja\/wp-json\/wp\/v2\/media\/114193"}],"wp:attachment":[{"href":"https:\/\/autostil.ba\/maloprodaja\/wp-json\/wp\/v2\/media?parent=114192"}],"wp:term":[{"taxonomy":"product_brand","embeddable":true,"href":"https:\/\/autostil.ba\/maloprodaja\/wp-json\/wp\/v2\/product_brand?post=114192"},{"taxonomy":"product_cat","embeddable":true,"href":"https:\/\/autostil.ba\/maloprodaja\/wp-json\/wp\/v2\/product_cat?post=114192"},{"taxonomy":"product_tag","embeddable":true,"href":"https:\/\/autostil.ba\/maloprodaja\/wp-json\/wp\/v2\/product_tag?post=114192"}],"curies":[{"name":"wp","href":"https:\/\/api.w.org\/{rel}","templated":true}]}}