{"id":114172,"date":"2024-07-18T08:11:19","date_gmt":"2024-07-18T06:11:19","guid":{"rendered":"https:\/\/autostil.ba\/maloprodaja\/?post_type=product&#038;p=114172"},"modified":"2026-04-08T11:42:04","modified_gmt":"2026-04-08T09:42:04","slug":"filter-sportski-mali-af-5","status":"publish","type":"product","link":"https:\/\/autostil.ba\/maloprodaja\/proizvod\/2639\/filter-sportski-mali-af-5\/","title":{"rendered":"FILTER SPORTSKI MALI AF 5"},"content":{"rendered":"","protected":false},"excerpt":{"rendered":"<p>FILTER SPORTSKI MALI AF 5 Koni\u010dni vazdu\u0161ni filter,zra\u010dni filtri sa visokim protokom. Dizajniran za optimizaciju volumena protoka zraka i pove\u0107anje konjskih snaga i ubrzanja.<br \/>\nUgra\u0111uje se u prozra\u010dne otvore od 60 mm. Visina mm 63 &#8211; osnova \u00d8 mm 70&#215;100 &#8211; monta\u017ea \u00d8 60 mm.<\/p>\n","protected":false},"featured_media":114173,"comment_status":"open","ping_status":"closed","template":"","meta":{"_acf_changed":false,"inline_featured_image":false},"product_brand":[],"product_cat":[74],"product_tag":[],"class_list":{"0":"post-114172","1":"product","2":"type-product","3":"status-publish","4":"has-post-thumbnail","6":"product_cat-filteri-sportski","8":"first","9":"instock","10":"taxable","11":"shipping-taxable","12":"purchasable","13":"product-type-simple"},"acf":[],"custom_product_id":"2639","_links":{"self":[{"href":"https:\/\/autostil.ba\/maloprodaja\/wp-json\/wp\/v2\/product\/114172","targetHints":{"allow":["GET"]}}],"collection":[{"href":"https:\/\/autostil.ba\/maloprodaja\/wp-json\/wp\/v2\/product"}],"about":[{"href":"https:\/\/autostil.ba\/maloprodaja\/wp-json\/wp\/v2\/types\/product"}],"replies":[{"embeddable":true,"href":"https:\/\/autostil.ba\/maloprodaja\/wp-json\/wp\/v2\/comments?post=114172"}],"version-history":[{"count":1,"href":"https:\/\/autostil.ba\/maloprodaja\/wp-json\/wp\/v2\/product\/114172\/revisions"}],"predecessor-version":[{"id":114174,"href":"https:\/\/autostil.ba\/maloprodaja\/wp-json\/wp\/v2\/product\/114172\/revisions\/114174"}],"wp:featuredmedia":[{"embeddable":true,"href":"https:\/\/autostil.ba\/maloprodaja\/wp-json\/wp\/v2\/media\/114173"}],"wp:attachment":[{"href":"https:\/\/autostil.ba\/maloprodaja\/wp-json\/wp\/v2\/media?parent=114172"}],"wp:term":[{"taxonomy":"product_brand","embeddable":true,"href":"https:\/\/autostil.ba\/maloprodaja\/wp-json\/wp\/v2\/product_brand?post=114172"},{"taxonomy":"product_cat","embeddable":true,"href":"https:\/\/autostil.ba\/maloprodaja\/wp-json\/wp\/v2\/product_cat?post=114172"},{"taxonomy":"product_tag","embeddable":true,"href":"https:\/\/autostil.ba\/maloprodaja\/wp-json\/wp\/v2\/product_tag?post=114172"}],"curies":[{"name":"wp","href":"https:\/\/api.w.org\/{rel}","templated":true}]}}