{"id":114142,"date":"2024-07-18T08:11:18","date_gmt":"2024-07-18T06:11:18","guid":{"rendered":"https:\/\/autostil.ba\/maloprodaja\/?post_type=product&#038;p=114142"},"modified":"2026-04-08T11:42:04","modified_gmt":"2026-04-08T09:42:04","slug":"gumice-za-brisace-61cm","status":"publish","type":"product","link":"https:\/\/autostil.ba\/maloprodaja\/proizvod\/4752\/gumice-za-brisace-61cm\/","title":{"rendered":"GUMICE ZA BRISA\u010cE 61cm"},"content":{"rendered":"","protected":false},"excerpt":{"rendered":"<p>Tergix, 61 cm, bez ki\u010dme, 6.5 mm,  2 kom. Univerzalno punjenje univerzalnog brisa\u010da. Guma prevu\u010dena grafitom. Dimenzija: 6.5 mm.<\/p>\n","protected":false},"featured_media":114143,"comment_status":"open","ping_status":"closed","template":"","meta":{"_acf_changed":false,"inline_featured_image":false},"product_brand":[],"product_cat":[45],"product_tag":[],"class_list":{"0":"post-114142","1":"product","2":"type-product","3":"status-publish","4":"has-post-thumbnail","6":"product_cat-metlice-brisaca-autosystem","8":"first","9":"instock","10":"taxable","11":"shipping-taxable","12":"purchasable","13":"product-type-simple"},"acf":[],"custom_product_id":"4752","_links":{"self":[{"href":"https:\/\/autostil.ba\/maloprodaja\/wp-json\/wp\/v2\/product\/114142","targetHints":{"allow":["GET"]}}],"collection":[{"href":"https:\/\/autostil.ba\/maloprodaja\/wp-json\/wp\/v2\/product"}],"about":[{"href":"https:\/\/autostil.ba\/maloprodaja\/wp-json\/wp\/v2\/types\/product"}],"replies":[{"embeddable":true,"href":"https:\/\/autostil.ba\/maloprodaja\/wp-json\/wp\/v2\/comments?post=114142"}],"version-history":[{"count":1,"href":"https:\/\/autostil.ba\/maloprodaja\/wp-json\/wp\/v2\/product\/114142\/revisions"}],"predecessor-version":[{"id":114144,"href":"https:\/\/autostil.ba\/maloprodaja\/wp-json\/wp\/v2\/product\/114142\/revisions\/114144"}],"wp:featuredmedia":[{"embeddable":true,"href":"https:\/\/autostil.ba\/maloprodaja\/wp-json\/wp\/v2\/media\/114143"}],"wp:attachment":[{"href":"https:\/\/autostil.ba\/maloprodaja\/wp-json\/wp\/v2\/media?parent=114142"}],"wp:term":[{"taxonomy":"product_brand","embeddable":true,"href":"https:\/\/autostil.ba\/maloprodaja\/wp-json\/wp\/v2\/product_brand?post=114142"},{"taxonomy":"product_cat","embeddable":true,"href":"https:\/\/autostil.ba\/maloprodaja\/wp-json\/wp\/v2\/product_cat?post=114142"},{"taxonomy":"product_tag","embeddable":true,"href":"https:\/\/autostil.ba\/maloprodaja\/wp-json\/wp\/v2\/product_tag?post=114142"}],"curies":[{"name":"wp","href":"https:\/\/api.w.org\/{rel}","templated":true}]}}