{"id":114082,"date":"2024-07-18T08:11:14","date_gmt":"2024-07-18T08:11:14","guid":{"rendered":"https:\/\/autostil.ba\/maloprodaja\/?post_type=product&#038;p=114082"},"modified":"2026-04-08T11:42:04","modified_gmt":"2026-04-08T09:42:04","slug":"brisac-prednji-lijevi-lancia-y10-1985-1995-bs-22","status":"publish","type":"product","link":"https:\/\/autostil.ba\/maloprodaja\/proizvod\/11429\/brisac-prednji-lijevi-lancia-y10-1985-1995-bs-22\/","title":{"rendered":"BRISA\u010c PREDNJI LIJEVI LANCIA Y10 1985-1995 BS-22"},"content":{"rendered":"","protected":false},"excerpt":{"rendered":"<p>BRISA\u010c PREDNJI LIJEVI LANCIA Y10 1985-1995, AUTOBIANCHI Y10 1985-1995; DU\u017dINA: 19&#8243; &#8211; 22CM; KOMPLATAN SA RUKOM BRISA\u010cA<\/p>\n","protected":false},"featured_media":114083,"comment_status":"open","ping_status":"closed","template":"","meta":{"_acf_changed":false,"inline_featured_image":false},"product_brand":[],"product_cat":[45],"product_tag":[],"class_list":{"0":"post-114082","1":"product","2":"type-product","3":"status-publish","4":"has-post-thumbnail","6":"product_cat-metlice-brisaca-autosystem","8":"first","9":"instock","10":"sale","11":"taxable","12":"shipping-taxable","13":"purchasable","14":"product-type-simple"},"acf":[],"custom_product_id":"11429","_links":{"self":[{"href":"https:\/\/autostil.ba\/maloprodaja\/wp-json\/wp\/v2\/product\/114082","targetHints":{"allow":["GET"]}}],"collection":[{"href":"https:\/\/autostil.ba\/maloprodaja\/wp-json\/wp\/v2\/product"}],"about":[{"href":"https:\/\/autostil.ba\/maloprodaja\/wp-json\/wp\/v2\/types\/product"}],"replies":[{"embeddable":true,"href":"https:\/\/autostil.ba\/maloprodaja\/wp-json\/wp\/v2\/comments?post=114082"}],"version-history":[{"count":1,"href":"https:\/\/autostil.ba\/maloprodaja\/wp-json\/wp\/v2\/product\/114082\/revisions"}],"predecessor-version":[{"id":114084,"href":"https:\/\/autostil.ba\/maloprodaja\/wp-json\/wp\/v2\/product\/114082\/revisions\/114084"}],"wp:featuredmedia":[{"embeddable":true,"href":"https:\/\/autostil.ba\/maloprodaja\/wp-json\/wp\/v2\/media\/114083"}],"wp:attachment":[{"href":"https:\/\/autostil.ba\/maloprodaja\/wp-json\/wp\/v2\/media?parent=114082"}],"wp:term":[{"taxonomy":"product_brand","embeddable":true,"href":"https:\/\/autostil.ba\/maloprodaja\/wp-json\/wp\/v2\/product_brand?post=114082"},{"taxonomy":"product_cat","embeddable":true,"href":"https:\/\/autostil.ba\/maloprodaja\/wp-json\/wp\/v2\/product_cat?post=114082"},{"taxonomy":"product_tag","embeddable":true,"href":"https:\/\/autostil.ba\/maloprodaja\/wp-json\/wp\/v2\/product_tag?post=114082"}],"curies":[{"name":"wp","href":"https:\/\/api.w.org\/{rel}","templated":true}]}}