{"id":113982,"date":"2024-07-18T08:11:10","date_gmt":"2024-07-18T08:11:10","guid":{"rendered":"https:\/\/autostil.ba\/maloprodaja\/?post_type=product&#038;p=113982"},"modified":"2026-04-08T11:41:59","modified_gmt":"2026-04-08T09:41:59","slug":"navlake-noznih-komandi-gumene-cp-11","status":"publish","type":"product","link":"https:\/\/autostil.ba\/maloprodaja\/proizvod\/4332\/navlake-noznih-komandi-gumene-cp-11\/","title":{"rendered":"NAVLAKE NO\u017dNIH KOMANDI GUMENE CP 11"},"content":{"rendered":"","protected":false},"excerpt":{"rendered":"<p>NAVLAKE NO\u017dNIH KOMANDI GUMENE CP 11 Jastu\u010di\u0107i prilago\u0111eni pedali CP 11.<br \/>\nPogodno za zamjenu originalnih poklopaca papu\u010dice ko\u010dnice i kva\u010dila. Izra\u0111ena od gume, povr\u0161ina protiv klizanja. Prilago\u0111eni sistem ugradnje.<br \/>\nCompatible for<br \/>\nBrand Model Year<br \/>\nAbarth 500 07\/08&gt;05\/16<br \/>\nAbarth 500C 06\/10&gt;05\/16<br \/>\nAbarth 595 06\/16&gt;<br \/>\nAbarth 695 Biposto 12\/14&gt;05\/16<br \/>\nAbarth 695 Biposto 06\/16&gt;<br \/>\nFiat 500 07\/07&gt;06\/15<br \/>\nFiat 500 07\/15&gt;06\/19<br \/>\nFiat 500 07\/19&gt;<br \/>\nFiat 500C 07\/09&gt;06\/15<br \/>\nFiat Panda 09\/03&gt;01\/12<br \/>\nFiat Panda 4&#215;4 09\/04&gt;10\/12<br \/>\nFiat Panda City Cross 10\/14&gt;<br \/>\nFiat Panda Classic 02\/12&gt;12\/12<br \/>\nFiat Panda Cross 10\/14&gt;<br \/>\nFiat Panda Van 09\/03&gt;12\/12<br \/>\nFord Ka 01\/09&gt;09\/16<br \/>\nLancia Ypsilon 5p 06\/11&gt;09\/15<br \/>\nLancia Ypsilon 5p 10\/15&gt;01\/18<br \/>\nLancia Ypsilon 5p 02\/18&gt;03\/21<br \/>\nLancia Ypsilon 5p 04\/21&gt;<br \/>\nBrand Model Year<br \/>\nAbarth 500 07\/08&gt;05\/16<br \/>\nAbarth 500C 06\/10&gt;05\/16<br \/>\nAbarth 595 06\/16&gt;<br \/>\nAbarth 695 Biposto 12\/14&gt;05\/16<br \/>\nAbarth 695 Biposto 06\/16&gt;<br \/>\nFiat 500 07\/07&gt;06\/15<br \/>\nFiat 500 07\/15&gt;06\/19<br \/>\nFiat 500 07\/19&gt;<br \/>\nFiat 500C 07\/09&gt;06\/15<br \/>\nFiat Panda 09\/03&gt;01\/12<br \/>\nFiat Panda 4&#215;4 09\/04&gt;10\/12<br \/>\nFiat Panda City Cross 10\/14&gt;<br \/>\nFiat Panda Classic 02\/12&gt;12\/12<br \/>\nFiat Panda Cross 10\/14&gt;<br \/>\nFiat Panda Van 09\/03&gt;12\/12<br \/>\nFord Ka 01\/09&gt;09\/16<br \/>\nLancia Ypsilon 5p 06\/11&gt;09\/15<br \/>\nLancia Ypsilon 5p 10\/15&gt;01\/18<br \/>\nLancia Ypsilon 5p 02\/18&gt;03\/21<br \/>\nLancia Ypsilon 5p 04\/21&gt;<\/p>\n","protected":false},"featured_media":113983,"comment_status":"open","ping_status":"closed","template":"","meta":{"_acf_changed":false,"inline_featured_image":false},"product_brand":[],"product_cat":[158],"product_tag":[],"class_list":{"0":"post-113982","1":"product","2":"type-product","3":"status-publish","4":"has-post-thumbnail","6":"product_cat-navlake-noznih-komandi","8":"first","9":"instock","10":"sale","11":"taxable","12":"shipping-taxable","13":"purchasable","14":"product-type-simple"},"acf":[],"custom_product_id":"4332","_links":{"self":[{"href":"https:\/\/autostil.ba\/maloprodaja\/wp-json\/wp\/v2\/product\/113982","targetHints":{"allow":["GET"]}}],"collection":[{"href":"https:\/\/autostil.ba\/maloprodaja\/wp-json\/wp\/v2\/product"}],"about":[{"href":"https:\/\/autostil.ba\/maloprodaja\/wp-json\/wp\/v2\/types\/product"}],"replies":[{"embeddable":true,"href":"https:\/\/autostil.ba\/maloprodaja\/wp-json\/wp\/v2\/comments?post=113982"}],"version-history":[{"count":2,"href":"https:\/\/autostil.ba\/maloprodaja\/wp-json\/wp\/v2\/product\/113982\/revisions"}],"predecessor-version":[{"id":793044520,"href":"https:\/\/autostil.ba\/maloprodaja\/wp-json\/wp\/v2\/product\/113982\/revisions\/793044520"}],"wp:featuredmedia":[{"embeddable":true,"href":"https:\/\/autostil.ba\/maloprodaja\/wp-json\/wp\/v2\/media\/113983"}],"wp:attachment":[{"href":"https:\/\/autostil.ba\/maloprodaja\/wp-json\/wp\/v2\/media?parent=113982"}],"wp:term":[{"taxonomy":"product_brand","embeddable":true,"href":"https:\/\/autostil.ba\/maloprodaja\/wp-json\/wp\/v2\/product_brand?post=113982"},{"taxonomy":"product_cat","embeddable":true,"href":"https:\/\/autostil.ba\/maloprodaja\/wp-json\/wp\/v2\/product_cat?post=113982"},{"taxonomy":"product_tag","embeddable":true,"href":"https:\/\/autostil.ba\/maloprodaja\/wp-json\/wp\/v2\/product_tag?post=113982"}],"curies":[{"name":"wp","href":"https:\/\/api.w.org\/{rel}","templated":true}]}}