{"id":113972,"date":"2024-07-18T08:11:09","date_gmt":"2024-07-18T06:11:09","guid":{"rendered":"https:\/\/autostil.ba\/maloprodaja\/?post_type=product&#038;p=113972"},"modified":"2026-04-08T11:41:53","modified_gmt":"2026-04-08T09:41:53","slug":"navlake-noznih-komandi-gumene-cp-15","status":"publish","type":"product","link":"https:\/\/autostil.ba\/maloprodaja\/proizvod\/12825\/navlake-noznih-komandi-gumene-cp-15\/","title":{"rendered":"NAVLAKE NO\u017dNIH KOMANDI GUMENE CP-15"},"content":{"rendered":"","protected":false},"excerpt":{"rendered":"<p>Pogodno za zamjenu originalnih poklopaca papu\u010dice ko\u010dnice i kva\u010dila. Izra\u0111ena od gume, povr\u0161ina protiv klizanja. Prilago\u0111en sistem ugradnje. Odgovara na vozila: Audi 100 Avant 01\/82&gt;12\/94<br \/>\nAudi 80 4p 09\/91&gt;12\/95<br \/>\nAudi 80 Avant 09\/91&gt;12\/95<br \/>\nAudi A4 4p 11\/94&gt;12\/00<br \/>\nAudi A4 4p 01\/01&gt;10\/03<br \/>\nAudi A4 4p 11\/03&gt;10\/04<br \/>\nAudi A4 4p 11\/04&gt;10\/07<br \/>\nAudi A4 Avant 11\/95&gt;08\/01<br \/>\nAudi A4 Avant 09\/01&gt;10\/03<br \/>\nAudi A4 Avant 11\/03&gt;10\/04<br \/>\nAudi A4 Avant 11\/04&gt;04\/08<br \/>\nAudi A6 4p 07\/97&gt;06\/01<br \/>\nAudi A6 4p 07\/01&gt;08\/04<br \/>\nAudi A6 4p 09\/04&gt;03\/11<br \/>\nAudi A6 4p 04\/11&gt;10\/14<br \/>\nAudi A6 4p 11\/14&gt;03\/16<br \/>\nAudi A6 4p 04\/16&gt;06\/18<br \/>\nAudi A6 Allroad 06\/06&gt;02\/12<br \/>\nAudi A6 Allroad 03\/12&gt;10\/14<br \/>\nAudi A6 Allroad 11\/14&gt;08\/19<br \/>\nAudi A6 Avant 08\/94&gt;07\/97<br \/>\nAudi A6 Avant 08\/97&gt;06\/01<br \/>\nAudi A6 Avant 07\/01&gt;02\/05<br \/>\nAudi A6 Avant 03\/05&gt;08\/11<br \/>\nAudi A6 Avant 09\/11&gt;10\/14<br \/>\nAudi A6 Avant 11\/14&gt;03\/16<br \/>\nAudi A6 Avant 04\/16&gt;07\/18<br \/>\nAudi A8 01\/94&gt;10\/02<br \/>\nSkoda Superb 4p 05\/02&gt;08\/08<br \/>\nVolkswagen Passat 4p 10\/96&gt;02\/05<br \/>\nVolkswagen Passat Variant 03\/97&gt;08\/05<\/p>\n","protected":false},"featured_media":113973,"comment_status":"open","ping_status":"closed","template":"","meta":{"_acf_changed":false,"inline_featured_image":false},"product_brand":[],"product_cat":[158],"product_tag":[],"class_list":{"0":"post-113972","1":"product","2":"type-product","3":"status-publish","4":"has-post-thumbnail","6":"product_cat-navlake-noznih-komandi","8":"first","9":"instock","10":"taxable","11":"shipping-taxable","12":"purchasable","13":"product-type-simple"},"acf":[],"custom_product_id":"12825","_links":{"self":[{"href":"https:\/\/autostil.ba\/maloprodaja\/wp-json\/wp\/v2\/product\/113972","targetHints":{"allow":["GET"]}}],"collection":[{"href":"https:\/\/autostil.ba\/maloprodaja\/wp-json\/wp\/v2\/product"}],"about":[{"href":"https:\/\/autostil.ba\/maloprodaja\/wp-json\/wp\/v2\/types\/product"}],"replies":[{"embeddable":true,"href":"https:\/\/autostil.ba\/maloprodaja\/wp-json\/wp\/v2\/comments?post=113972"}],"version-history":[{"count":1,"href":"https:\/\/autostil.ba\/maloprodaja\/wp-json\/wp\/v2\/product\/113972\/revisions"}],"predecessor-version":[{"id":113974,"href":"https:\/\/autostil.ba\/maloprodaja\/wp-json\/wp\/v2\/product\/113972\/revisions\/113974"}],"wp:featuredmedia":[{"embeddable":true,"href":"https:\/\/autostil.ba\/maloprodaja\/wp-json\/wp\/v2\/media\/113973"}],"wp:attachment":[{"href":"https:\/\/autostil.ba\/maloprodaja\/wp-json\/wp\/v2\/media?parent=113972"}],"wp:term":[{"taxonomy":"product_brand","embeddable":true,"href":"https:\/\/autostil.ba\/maloprodaja\/wp-json\/wp\/v2\/product_brand?post=113972"},{"taxonomy":"product_cat","embeddable":true,"href":"https:\/\/autostil.ba\/maloprodaja\/wp-json\/wp\/v2\/product_cat?post=113972"},{"taxonomy":"product_tag","embeddable":true,"href":"https:\/\/autostil.ba\/maloprodaja\/wp-json\/wp\/v2\/product_tag?post=113972"}],"curies":[{"name":"wp","href":"https:\/\/api.w.org\/{rel}","templated":true}]}}