{"id":113902,"date":"2025-08-30T14:35:06","date_gmt":"2025-08-30T12:35:06","guid":{"rendered":"https:\/\/autostil.ba\/maloprodaja\/?post_type=product&#038;p=113902"},"modified":"2026-04-08T11:41:53","modified_gmt":"2026-04-08T09:41:53","slug":"navlaka-volana-formula-one-35-do-37cm","status":"publish","type":"product","link":"https:\/\/autostil.ba\/maloprodaja\/proizvod\/904\/navlaka-volana-formula-one-35-do-37cm\/","title":{"rendered":"NAVLAKA VOLANA FORMULA ONE 35-37cm"},"content":{"rendered":"","protected":false},"excerpt":{"rendered":"<p>NAVLAKA VOLANA FORMULA ONE 33 DO 37cm Formula 1, TPE navlaka volana S \u00d8 35\/37 cm. Materijal koji se mo\u017ee reciklirati, netoksi\u010dan je i bez mirisa. Jednostavan za instalaciju<br \/>\nTPE Premium serija. Ekolo\u0161ki, recikliraju\u0107e, netoksi\u010dno. Vrhunski kvalitet.<\/p>\n","protected":false},"featured_media":113903,"comment_status":"open","ping_status":"closed","template":"","meta":{"_acf_changed":false,"inline_featured_image":false},"product_brand":[],"product_cat":[77],"product_tag":[],"class_list":{"0":"post-113902","1":"product","2":"type-product","3":"status-publish","4":"has-post-thumbnail","6":"product_cat-navlake-volana-i-kugle-za-volan","8":"first","9":"instock","10":"taxable","11":"shipping-taxable","12":"purchasable","13":"product-type-simple"},"acf":[],"custom_product_id":"904","_links":{"self":[{"href":"https:\/\/autostil.ba\/maloprodaja\/wp-json\/wp\/v2\/product\/113902","targetHints":{"allow":["GET"]}}],"collection":[{"href":"https:\/\/autostil.ba\/maloprodaja\/wp-json\/wp\/v2\/product"}],"about":[{"href":"https:\/\/autostil.ba\/maloprodaja\/wp-json\/wp\/v2\/types\/product"}],"replies":[{"embeddable":true,"href":"https:\/\/autostil.ba\/maloprodaja\/wp-json\/wp\/v2\/comments?post=113902"}],"version-history":[{"count":2,"href":"https:\/\/autostil.ba\/maloprodaja\/wp-json\/wp\/v2\/product\/113902\/revisions"}],"predecessor-version":[{"id":793053563,"href":"https:\/\/autostil.ba\/maloprodaja\/wp-json\/wp\/v2\/product\/113902\/revisions\/793053563"}],"wp:featuredmedia":[{"embeddable":true,"href":"https:\/\/autostil.ba\/maloprodaja\/wp-json\/wp\/v2\/media\/113903"}],"wp:attachment":[{"href":"https:\/\/autostil.ba\/maloprodaja\/wp-json\/wp\/v2\/media?parent=113902"}],"wp:term":[{"taxonomy":"product_brand","embeddable":true,"href":"https:\/\/autostil.ba\/maloprodaja\/wp-json\/wp\/v2\/product_brand?post=113902"},{"taxonomy":"product_cat","embeddable":true,"href":"https:\/\/autostil.ba\/maloprodaja\/wp-json\/wp\/v2\/product_cat?post=113902"},{"taxonomy":"product_tag","embeddable":true,"href":"https:\/\/autostil.ba\/maloprodaja\/wp-json\/wp\/v2\/product_tag?post=113902"}],"curies":[{"name":"wp","href":"https:\/\/api.w.org\/{rel}","templated":true}]}}