{"id":113852,"date":"2024-07-18T08:11:04","date_gmt":"2024-07-18T06:11:04","guid":{"rendered":"https:\/\/autostil.ba\/maloprodaja\/?post_type=product&#038;p=113852"},"modified":"2026-04-08T11:41:47","modified_gmt":"2026-04-08T09:41:47","slug":"spuzva-aplikator-za-nanosenje-crnila-na-gume-95x65x40mm","status":"publish","type":"product","link":"https:\/\/autostil.ba\/maloprodaja\/proizvod\/10388\/spuzva-aplikator-za-nanosenje-crnila-na-gume-95x65x40mm\/","title":{"rendered":"SPU\u017dVA APLIKATOR ZA NANO\u0160ENJE CRNILA NA GUME 95x65x40mm"},"content":{"rendered":"","protected":false},"excerpt":{"rendered":"<p>SPU\u017dVA APLIKATOR ZA NANO\u0160ENJE CRNILA NA GUME 95x65x40mm<br \/>\nPogodno za \u010di\u0161\u0107enje guma i za nano\u0161enje proizvoda za revitalizaciju i poliranje. Zakrivljeni dizajn omogu\u0107ava vam da pratite oblik ramena gume izbjegavaju\u0107i kontakt s naplatkom. Proizvedeno od materijala otpornih na kemikalije za pranje i njegu automobila.<\/p>\n","protected":false},"featured_media":113853,"comment_status":"open","ping_status":"closed","template":"","meta":{"_acf_changed":false,"inline_featured_image":false},"product_brand":[],"product_cat":[164],"product_tag":[],"class_list":{"0":"post-113852","1":"product","2":"type-product","3":"status-publish","4":"has-post-thumbnail","6":"product_cat-car-detailing","8":"first","9":"instock","10":"taxable","11":"shipping-taxable","12":"purchasable","13":"product-type-simple"},"acf":[],"custom_product_id":"10388","_links":{"self":[{"href":"https:\/\/autostil.ba\/maloprodaja\/wp-json\/wp\/v2\/product\/113852","targetHints":{"allow":["GET"]}}],"collection":[{"href":"https:\/\/autostil.ba\/maloprodaja\/wp-json\/wp\/v2\/product"}],"about":[{"href":"https:\/\/autostil.ba\/maloprodaja\/wp-json\/wp\/v2\/types\/product"}],"replies":[{"embeddable":true,"href":"https:\/\/autostil.ba\/maloprodaja\/wp-json\/wp\/v2\/comments?post=113852"}],"version-history":[{"count":1,"href":"https:\/\/autostil.ba\/maloprodaja\/wp-json\/wp\/v2\/product\/113852\/revisions"}],"predecessor-version":[{"id":113854,"href":"https:\/\/autostil.ba\/maloprodaja\/wp-json\/wp\/v2\/product\/113852\/revisions\/113854"}],"wp:featuredmedia":[{"embeddable":true,"href":"https:\/\/autostil.ba\/maloprodaja\/wp-json\/wp\/v2\/media\/113853"}],"wp:attachment":[{"href":"https:\/\/autostil.ba\/maloprodaja\/wp-json\/wp\/v2\/media?parent=113852"}],"wp:term":[{"taxonomy":"product_brand","embeddable":true,"href":"https:\/\/autostil.ba\/maloprodaja\/wp-json\/wp\/v2\/product_brand?post=113852"},{"taxonomy":"product_cat","embeddable":true,"href":"https:\/\/autostil.ba\/maloprodaja\/wp-json\/wp\/v2\/product_cat?post=113852"},{"taxonomy":"product_tag","embeddable":true,"href":"https:\/\/autostil.ba\/maloprodaja\/wp-json\/wp\/v2\/product_tag?post=113852"}],"curies":[{"name":"wp","href":"https:\/\/api.w.org\/{rel}","templated":true}]}}