{"id":113832,"date":"2026-03-13T14:11:03","date_gmt":"2026-03-13T12:11:03","guid":{"rendered":"https:\/\/autostil.ba\/maloprodaja\/?post_type=product&#038;p=113832"},"modified":"2026-04-08T11:41:47","modified_gmt":"2026-04-08T09:41:47","slug":"olovka-za-ogreotine-quixx","status":"publish","type":"product","link":"https:\/\/autostil.ba\/maloprodaja\/proizvod\/6841\/olovka-za-ogreotine-quixx\/","title":{"rendered":"OLOVKA ZA OGREOTINE QUIXX"},"content":{"rendered":"","protected":false},"excerpt":{"rendered":"<p>OLOVKA ZA OGREOTINE QUIXX Quixx olovka za popravak boje.<br \/>\nOgrebotine popunjava originalnim bistrim premazom koji se u vrlo kratkom roku skladno ve\u017ee s izvornom bojom. Poseban vrh olovke omogu\u0107uje precizan rad. Su\u0161i se izuzetno brzo. Pogodno za sve boje i sjajne boje (tako\u0111e metalne).<br \/>\nDimenzija: 12 ml<\/p>\n","protected":false},"featured_media":113833,"comment_status":"open","ping_status":"closed","template":"","meta":{"_acf_changed":false,"inline_featured_image":false},"product_brand":[],"product_cat":[97],"product_tag":[],"class_list":{"0":"post-113832","1":"product","2":"type-product","3":"status-publish","4":"has-post-thumbnail","6":"product_cat-program-za-poliranje-vozila","8":"first","9":"instock","10":"taxable","11":"shipping-taxable","12":"purchasable","13":"product-type-simple"},"acf":[],"custom_product_id":"6841","_links":{"self":[{"href":"https:\/\/autostil.ba\/maloprodaja\/wp-json\/wp\/v2\/product\/113832","targetHints":{"allow":["GET"]}}],"collection":[{"href":"https:\/\/autostil.ba\/maloprodaja\/wp-json\/wp\/v2\/product"}],"about":[{"href":"https:\/\/autostil.ba\/maloprodaja\/wp-json\/wp\/v2\/types\/product"}],"replies":[{"embeddable":true,"href":"https:\/\/autostil.ba\/maloprodaja\/wp-json\/wp\/v2\/comments?post=113832"}],"version-history":[{"count":1,"href":"https:\/\/autostil.ba\/maloprodaja\/wp-json\/wp\/v2\/product\/113832\/revisions"}],"predecessor-version":[{"id":113834,"href":"https:\/\/autostil.ba\/maloprodaja\/wp-json\/wp\/v2\/product\/113832\/revisions\/113834"}],"wp:featuredmedia":[{"embeddable":true,"href":"https:\/\/autostil.ba\/maloprodaja\/wp-json\/wp\/v2\/media\/113833"}],"wp:attachment":[{"href":"https:\/\/autostil.ba\/maloprodaja\/wp-json\/wp\/v2\/media?parent=113832"}],"wp:term":[{"taxonomy":"product_brand","embeddable":true,"href":"https:\/\/autostil.ba\/maloprodaja\/wp-json\/wp\/v2\/product_brand?post=113832"},{"taxonomy":"product_cat","embeddable":true,"href":"https:\/\/autostil.ba\/maloprodaja\/wp-json\/wp\/v2\/product_cat?post=113832"},{"taxonomy":"product_tag","embeddable":true,"href":"https:\/\/autostil.ba\/maloprodaja\/wp-json\/wp\/v2\/product_tag?post=113832"}],"curies":[{"name":"wp","href":"https:\/\/api.w.org\/{rel}","templated":true}]}}