{"id":113802,"date":"2024-07-18T08:11:02","date_gmt":"2024-07-18T08:11:02","guid":{"rendered":"https:\/\/autostil.ba\/maloprodaja\/?post_type=product&#038;p=113802"},"modified":"2026-04-08T11:41:47","modified_gmt":"2026-04-08T09:41:47","slug":"jelenska-krpa-lampa-maxi-66x43cm","status":"publish","type":"product","link":"https:\/\/autostil.ba\/maloprodaja\/proizvod\/6619\/jelenska-krpa-lampa-maxi-66x43cm\/","title":{"rendered":"JELENSKA KRPA LAMPA MAXI 66X43cm"},"content":{"rendered":"","protected":false},"excerpt":{"rendered":"<p>JELENSKA KRPA LAMPA MAXI 66X43cm   Jelenska krpa sa unutra\u0161njim slojem tekstila za dodatnu \u010dvrsto\u0107u.<br \/>\nApsorbuje vodu do 10 puta ve\u0107e od specifi\u010dne te\u017eine.<br \/>\nNe ostavlja tragove od vode.<br \/>\nEkolo\u0161ki PVA materijal, specijalni tretman protiv bakterija u kalupu.<br \/>\nDimenzija: 66&#215;43 cm.<\/p>\n","protected":false},"featured_media":113803,"comment_status":"open","ping_status":"closed","template":"","meta":{"_acf_changed":false,"inline_featured_image":false},"product_brand":[],"product_cat":[79],"product_tag":[],"class_list":{"0":"post-113802","1":"product","2":"type-product","3":"status-publish","4":"has-post-thumbnail","6":"product_cat-krpe-za-njegu-vozila","8":"first","9":"instock","10":"taxable","11":"shipping-taxable","12":"purchasable","13":"product-type-simple"},"acf":[],"custom_product_id":"6619","_links":{"self":[{"href":"https:\/\/autostil.ba\/maloprodaja\/wp-json\/wp\/v2\/product\/113802","targetHints":{"allow":["GET"]}}],"collection":[{"href":"https:\/\/autostil.ba\/maloprodaja\/wp-json\/wp\/v2\/product"}],"about":[{"href":"https:\/\/autostil.ba\/maloprodaja\/wp-json\/wp\/v2\/types\/product"}],"replies":[{"embeddable":true,"href":"https:\/\/autostil.ba\/maloprodaja\/wp-json\/wp\/v2\/comments?post=113802"}],"version-history":[{"count":1,"href":"https:\/\/autostil.ba\/maloprodaja\/wp-json\/wp\/v2\/product\/113802\/revisions"}],"predecessor-version":[{"id":113804,"href":"https:\/\/autostil.ba\/maloprodaja\/wp-json\/wp\/v2\/product\/113802\/revisions\/113804"}],"wp:featuredmedia":[{"embeddable":true,"href":"https:\/\/autostil.ba\/maloprodaja\/wp-json\/wp\/v2\/media\/113803"}],"wp:attachment":[{"href":"https:\/\/autostil.ba\/maloprodaja\/wp-json\/wp\/v2\/media?parent=113802"}],"wp:term":[{"taxonomy":"product_brand","embeddable":true,"href":"https:\/\/autostil.ba\/maloprodaja\/wp-json\/wp\/v2\/product_brand?post=113802"},{"taxonomy":"product_cat","embeddable":true,"href":"https:\/\/autostil.ba\/maloprodaja\/wp-json\/wp\/v2\/product_cat?post=113802"},{"taxonomy":"product_tag","embeddable":true,"href":"https:\/\/autostil.ba\/maloprodaja\/wp-json\/wp\/v2\/product_tag?post=113802"}],"curies":[{"name":"wp","href":"https:\/\/api.w.org\/{rel}","templated":true}]}}