{"id":113782,"date":"2024-07-18T08:11:01","date_gmt":"2024-07-18T08:11:01","guid":{"rendered":"https:\/\/autostil.ba\/maloprodaja\/?post_type=product&#038;p=113782"},"modified":"2026-04-08T11:41:47","modified_gmt":"2026-04-08T09:41:47","slug":"uticnica-12-24v-ugradna-sa-poklopcem","status":"publish","type":"product","link":"https:\/\/autostil.ba\/maloprodaja\/proizvod\/10293\/uticnica-12-24v-ugradna-sa-poklopcem\/","title":{"rendered":"UTI\u010cNICA 12-24V UGRADNA SA POKLOPCEM"},"content":{"rendered":"","protected":false},"excerpt":{"rendered":"<p>Dodatna uti\u010dnica za opcionu monta\u017enu plo\u010du, 12 \/ 24V<br \/>\n sa poklopcem otpornim na pra\u0161inu i kompletom za o\u017ei\u010denje<\/p>\n","protected":false},"featured_media":113783,"comment_status":"open","ping_status":"closed","template":"","meta":{"_acf_changed":false,"inline_featured_image":false},"product_brand":[],"product_cat":[109],"product_tag":[],"class_list":{"0":"post-113782","1":"product","2":"type-product","3":"status-publish","4":"has-post-thumbnail","6":"product_cat-uticnice-utikaci-redukcije","8":"first","9":"instock","10":"taxable","11":"shipping-taxable","12":"purchasable","13":"product-type-simple"},"acf":[],"custom_product_id":"10293","_links":{"self":[{"href":"https:\/\/autostil.ba\/maloprodaja\/wp-json\/wp\/v2\/product\/113782","targetHints":{"allow":["GET"]}}],"collection":[{"href":"https:\/\/autostil.ba\/maloprodaja\/wp-json\/wp\/v2\/product"}],"about":[{"href":"https:\/\/autostil.ba\/maloprodaja\/wp-json\/wp\/v2\/types\/product"}],"replies":[{"embeddable":true,"href":"https:\/\/autostil.ba\/maloprodaja\/wp-json\/wp\/v2\/comments?post=113782"}],"version-history":[{"count":1,"href":"https:\/\/autostil.ba\/maloprodaja\/wp-json\/wp\/v2\/product\/113782\/revisions"}],"predecessor-version":[{"id":113784,"href":"https:\/\/autostil.ba\/maloprodaja\/wp-json\/wp\/v2\/product\/113782\/revisions\/113784"}],"wp:featuredmedia":[{"embeddable":true,"href":"https:\/\/autostil.ba\/maloprodaja\/wp-json\/wp\/v2\/media\/113783"}],"wp:attachment":[{"href":"https:\/\/autostil.ba\/maloprodaja\/wp-json\/wp\/v2\/media?parent=113782"}],"wp:term":[{"taxonomy":"product_brand","embeddable":true,"href":"https:\/\/autostil.ba\/maloprodaja\/wp-json\/wp\/v2\/product_brand?post=113782"},{"taxonomy":"product_cat","embeddable":true,"href":"https:\/\/autostil.ba\/maloprodaja\/wp-json\/wp\/v2\/product_cat?post=113782"},{"taxonomy":"product_tag","embeddable":true,"href":"https:\/\/autostil.ba\/maloprodaja\/wp-json\/wp\/v2\/product_tag?post=113782"}],"curies":[{"name":"wp","href":"https:\/\/api.w.org\/{rel}","templated":true}]}}