{"id":113272,"date":"2024-07-18T08:10:39","date_gmt":"2024-07-18T06:10:39","guid":{"rendered":"https:\/\/autostil.ba\/maloprodaja\/?post_type=product&#038;p=113272"},"modified":"2026-04-08T11:41:18","modified_gmt":"2026-04-08T09:41:18","slug":"prekidac-svijetleci-12v-20a-plavi","status":"publish","type":"product","link":"https:\/\/autostil.ba\/maloprodaja\/proizvod\/1140\/prekidac-svijetleci-12v-20a-plavi\/","title":{"rendered":"PREKIDA\u010c SVIJETLE\u0106I 12V 20A PLAVI"},"content":{"rendered":"","protected":false},"excerpt":{"rendered":"<p>Aluminijumski prekida\u010d sa sigurnim i led svetlima  12 \/ 24V, plava, 20A,<br \/>\n20A max. ON \/ OFF funkcija. 3 terminala. Rupa \u00d8 12 mm. Debljina 3,5 mm maks.<\/p>\n","protected":false},"featured_media":113273,"comment_status":"open","ping_status":"closed","template":"","meta":{"_acf_changed":false,"inline_featured_image":false},"product_brand":[],"product_cat":[87],"product_tag":[],"class_list":{"0":"post-113272","1":"product","2":"type-product","3":"status-publish","4":"has-post-thumbnail","6":"product_cat-prekidaci","8":"first","9":"instock","10":"taxable","11":"shipping-taxable","12":"purchasable","13":"product-type-simple"},"acf":[],"custom_product_id":"1140","_links":{"self":[{"href":"https:\/\/autostil.ba\/maloprodaja\/wp-json\/wp\/v2\/product\/113272","targetHints":{"allow":["GET"]}}],"collection":[{"href":"https:\/\/autostil.ba\/maloprodaja\/wp-json\/wp\/v2\/product"}],"about":[{"href":"https:\/\/autostil.ba\/maloprodaja\/wp-json\/wp\/v2\/types\/product"}],"replies":[{"embeddable":true,"href":"https:\/\/autostil.ba\/maloprodaja\/wp-json\/wp\/v2\/comments?post=113272"}],"version-history":[{"count":1,"href":"https:\/\/autostil.ba\/maloprodaja\/wp-json\/wp\/v2\/product\/113272\/revisions"}],"predecessor-version":[{"id":113274,"href":"https:\/\/autostil.ba\/maloprodaja\/wp-json\/wp\/v2\/product\/113272\/revisions\/113274"}],"wp:featuredmedia":[{"embeddable":true,"href":"https:\/\/autostil.ba\/maloprodaja\/wp-json\/wp\/v2\/media\/113273"}],"wp:attachment":[{"href":"https:\/\/autostil.ba\/maloprodaja\/wp-json\/wp\/v2\/media?parent=113272"}],"wp:term":[{"taxonomy":"product_brand","embeddable":true,"href":"https:\/\/autostil.ba\/maloprodaja\/wp-json\/wp\/v2\/product_brand?post=113272"},{"taxonomy":"product_cat","embeddable":true,"href":"https:\/\/autostil.ba\/maloprodaja\/wp-json\/wp\/v2\/product_cat?post=113272"},{"taxonomy":"product_tag","embeddable":true,"href":"https:\/\/autostil.ba\/maloprodaja\/wp-json\/wp\/v2\/product_tag?post=113272"}],"curies":[{"name":"wp","href":"https:\/\/api.w.org\/{rel}","templated":true}]}}