{"id":113252,"date":"2024-07-18T08:10:38","date_gmt":"2024-07-18T06:10:38","guid":{"rendered":"https:\/\/autostil.ba\/maloprodaja\/?post_type=product&#038;p=113252"},"modified":"2026-04-08T11:41:12","modified_gmt":"2026-04-08T09:41:12","slug":"uredaj-za-daljinsko-paljenje-svijetla-12v","status":"publish","type":"product","link":"https:\/\/autostil.ba\/maloprodaja\/proizvod\/6621\/uredaj-za-daljinsko-paljenje-svijetla-12v\/","title":{"rendered":"URE\u0110AJ ZA DALJINSKO PALJENJE SVIJETLA 12V"},"content":{"rendered":"","protected":false},"excerpt":{"rendered":"<p>URE\u0110AJ ZA DALJINSKO PALJENJE SVIJETLA 12V  Jednokanalni daljinski upravlja\u010d, 12V. Omogu\u0107uje isklju\u010divanje elektri\u010dnih ure\u0111aja udaljenih do 30 metara.<\/p>\n","protected":false},"featured_media":113253,"comment_status":"open","ping_status":"closed","template":"","meta":{"_acf_changed":false,"inline_featured_image":false},"product_brand":[],"product_cat":[94],"product_tag":[],"class_list":{"0":"post-113252","1":"product","2":"type-product","3":"status-publish","4":"has-post-thumbnail","6":"product_cat-daljinska-zakljucavanja-centralne-brave-alarmi","8":"first","9":"instock","10":"taxable","11":"shipping-taxable","12":"purchasable","13":"product-type-simple"},"acf":[],"custom_product_id":"6621","_links":{"self":[{"href":"https:\/\/autostil.ba\/maloprodaja\/wp-json\/wp\/v2\/product\/113252","targetHints":{"allow":["GET"]}}],"collection":[{"href":"https:\/\/autostil.ba\/maloprodaja\/wp-json\/wp\/v2\/product"}],"about":[{"href":"https:\/\/autostil.ba\/maloprodaja\/wp-json\/wp\/v2\/types\/product"}],"replies":[{"embeddable":true,"href":"https:\/\/autostil.ba\/maloprodaja\/wp-json\/wp\/v2\/comments?post=113252"}],"version-history":[{"count":1,"href":"https:\/\/autostil.ba\/maloprodaja\/wp-json\/wp\/v2\/product\/113252\/revisions"}],"predecessor-version":[{"id":113254,"href":"https:\/\/autostil.ba\/maloprodaja\/wp-json\/wp\/v2\/product\/113252\/revisions\/113254"}],"wp:featuredmedia":[{"embeddable":true,"href":"https:\/\/autostil.ba\/maloprodaja\/wp-json\/wp\/v2\/media\/113253"}],"wp:attachment":[{"href":"https:\/\/autostil.ba\/maloprodaja\/wp-json\/wp\/v2\/media?parent=113252"}],"wp:term":[{"taxonomy":"product_brand","embeddable":true,"href":"https:\/\/autostil.ba\/maloprodaja\/wp-json\/wp\/v2\/product_brand?post=113252"},{"taxonomy":"product_cat","embeddable":true,"href":"https:\/\/autostil.ba\/maloprodaja\/wp-json\/wp\/v2\/product_cat?post=113252"},{"taxonomy":"product_tag","embeddable":true,"href":"https:\/\/autostil.ba\/maloprodaja\/wp-json\/wp\/v2\/product_tag?post=113252"}],"curies":[{"name":"wp","href":"https:\/\/api.w.org\/{rel}","templated":true}]}}