{"id":113182,"date":"2024-07-18T08:10:35","date_gmt":"2024-07-18T06:10:35","guid":{"rendered":"https:\/\/autostil.ba\/maloprodaja\/?post_type=product&#038;p=113182"},"modified":"2026-04-08T11:41:12","modified_gmt":"2026-04-08T09:41:12","slug":"distanceri-b28-20mm-5x114-3-fi67-1mm-m12mm-set-2-komada","status":"publish","type":"product","link":"https:\/\/autostil.ba\/maloprodaja\/proizvod\/6611\/distanceri-b28-20mm-5x114-3-fi67-1mm-m12mm-set-2-komada\/","title":{"rendered":"DISTANCERI B28 20mm 5X114.3 FI67.1mm M12mm (SET 2 KOMADA)"},"content":{"rendered":"","protected":false},"excerpt":{"rendered":"<p>Proizveden od visokokvalitetne legure aluminijuma i precizno obra\u0111en kako bi se osigurao proizvod vrhunskih performansi. Odstojnici Pilot za to\u010dkove se dobijaju od \u0161ipke \u010dvrste aluminijumske legure i obra\u0111uju se pomo\u0107u preciznih ma\u0161ina kako bi se prilagodili svakom specifi\u010dnom modelu automobila. Komplet uklju\u010duje 2 odstojnika i 2 vijka za postavljanje odstojnika na glav\u010dinu (samo za automobile kojima je to potrebno). Vijci se moraju posebno naru\u010diti. Debljina: 20mm; Raspon rupa: 5&#215;114,3mm; Promjer centralne rupe: 67,1mm; Promjer rupe za \u0161araf: 12mm.<\/p>\n","protected":false},"featured_media":793053543,"comment_status":"open","ping_status":"closed","template":"","meta":{"_acf_changed":false,"inline_featured_image":false},"product_brand":[],"product_cat":[88],"product_tag":[],"class_list":{"0":"post-113182","1":"product","2":"type-product","3":"status-publish","4":"has-post-thumbnail","6":"product_cat-distanceri","8":"first","9":"instock","10":"taxable","11":"shipping-taxable","12":"purchasable","13":"product-type-simple"},"acf":[],"custom_product_id":"6611","_links":{"self":[{"href":"https:\/\/autostil.ba\/maloprodaja\/wp-json\/wp\/v2\/product\/113182","targetHints":{"allow":["GET"]}}],"collection":[{"href":"https:\/\/autostil.ba\/maloprodaja\/wp-json\/wp\/v2\/product"}],"about":[{"href":"https:\/\/autostil.ba\/maloprodaja\/wp-json\/wp\/v2\/types\/product"}],"replies":[{"embeddable":true,"href":"https:\/\/autostil.ba\/maloprodaja\/wp-json\/wp\/v2\/comments?post=113182"}],"version-history":[{"count":3,"href":"https:\/\/autostil.ba\/maloprodaja\/wp-json\/wp\/v2\/product\/113182\/revisions"}],"predecessor-version":[{"id":793053547,"href":"https:\/\/autostil.ba\/maloprodaja\/wp-json\/wp\/v2\/product\/113182\/revisions\/793053547"}],"wp:featuredmedia":[{"embeddable":true,"href":"https:\/\/autostil.ba\/maloprodaja\/wp-json\/wp\/v2\/media\/793053543"}],"wp:attachment":[{"href":"https:\/\/autostil.ba\/maloprodaja\/wp-json\/wp\/v2\/media?parent=113182"}],"wp:term":[{"taxonomy":"product_brand","embeddable":true,"href":"https:\/\/autostil.ba\/maloprodaja\/wp-json\/wp\/v2\/product_brand?post=113182"},{"taxonomy":"product_cat","embeddable":true,"href":"https:\/\/autostil.ba\/maloprodaja\/wp-json\/wp\/v2\/product_cat?post=113182"},{"taxonomy":"product_tag","embeddable":true,"href":"https:\/\/autostil.ba\/maloprodaja\/wp-json\/wp\/v2\/product_tag?post=113182"}],"curies":[{"name":"wp","href":"https:\/\/api.w.org\/{rel}","templated":true}]}}