{"id":113172,"date":"2025-03-31T15:58:35","date_gmt":"2025-03-31T13:58:35","guid":{"rendered":"https:\/\/autostil.ba\/maloprodaja\/?post_type=product&#038;p=113172"},"modified":"2026-04-08T11:41:12","modified_gmt":"2026-04-08T09:41:12","slug":"distanceri-b29-20mm-5x120-fi72-6mm-m12mm-set-2-komada","status":"publish","type":"product","link":"https:\/\/autostil.ba\/maloprodaja\/proizvod\/4334\/distanceri-b29-20mm-5x120-fi72-6mm-m12mm-set-2-komada\/","title":{"rendered":"DISTANCERI B29 20mm 5X120 FI72.6mm M12mm (SET 2 KOMADA)"},"content":{"rendered":"","protected":false},"excerpt":{"rendered":"<p>Proizveden od visokokvalitetne legure aluminijuma i precizno obra\u0111en kako bi se osigurao proizvod vrhunskih performansi. Odstojnici Pilot za to\u010dkove se dobijaju od \u0161ipke \u010dvrste aluminijumske legure i obra\u0111uju se pomo\u0107u preciznih ma\u0161ina kako bi se prilagodili svakom specifi\u010dnom modelu automobila. Komplet uklju\u010duje 2 odstojnika i 2 vijka za postavljanje odstojnika na glav\u010dinu (samo za automobile kojima je to potrebno). Vijci se moraju posebno naru\u010diti. Debljina: 20mm; Raspon rupa: 5x120mm; Promjer centralne rupe: 72,6mm; Promjer rupe za \u0161araf: 12mm.<\/p>\n","protected":false},"featured_media":793046743,"comment_status":"open","ping_status":"closed","template":"","meta":{"_acf_changed":false,"inline_featured_image":false},"product_brand":[],"product_cat":[88],"product_tag":[],"class_list":{"0":"post-113172","1":"product","2":"type-product","3":"status-publish","4":"has-post-thumbnail","6":"product_cat-distanceri","8":"first","9":"instock","10":"taxable","11":"shipping-taxable","12":"purchasable","13":"product-type-simple"},"acf":[],"custom_product_id":"4334","_links":{"self":[{"href":"https:\/\/autostil.ba\/maloprodaja\/wp-json\/wp\/v2\/product\/113172","targetHints":{"allow":["GET"]}}],"collection":[{"href":"https:\/\/autostil.ba\/maloprodaja\/wp-json\/wp\/v2\/product"}],"about":[{"href":"https:\/\/autostil.ba\/maloprodaja\/wp-json\/wp\/v2\/types\/product"}],"replies":[{"embeddable":true,"href":"https:\/\/autostil.ba\/maloprodaja\/wp-json\/wp\/v2\/comments?post=113172"}],"version-history":[{"count":2,"href":"https:\/\/autostil.ba\/maloprodaja\/wp-json\/wp\/v2\/product\/113172\/revisions"}],"predecessor-version":[{"id":793049524,"href":"https:\/\/autostil.ba\/maloprodaja\/wp-json\/wp\/v2\/product\/113172\/revisions\/793049524"}],"wp:featuredmedia":[{"embeddable":true,"href":"https:\/\/autostil.ba\/maloprodaja\/wp-json\/wp\/v2\/media\/793046743"}],"wp:attachment":[{"href":"https:\/\/autostil.ba\/maloprodaja\/wp-json\/wp\/v2\/media?parent=113172"}],"wp:term":[{"taxonomy":"product_brand","embeddable":true,"href":"https:\/\/autostil.ba\/maloprodaja\/wp-json\/wp\/v2\/product_brand?post=113172"},{"taxonomy":"product_cat","embeddable":true,"href":"https:\/\/autostil.ba\/maloprodaja\/wp-json\/wp\/v2\/product_cat?post=113172"},{"taxonomy":"product_tag","embeddable":true,"href":"https:\/\/autostil.ba\/maloprodaja\/wp-json\/wp\/v2\/product_tag?post=113172"}],"curies":[{"name":"wp","href":"https:\/\/api.w.org\/{rel}","templated":true}]}}