{"id":112762,"date":"2024-07-18T08:10:17","date_gmt":"2024-07-18T08:10:17","guid":{"rendered":"https:\/\/autostil.ba\/maloprodaja\/?post_type=product&#038;p=112762"},"modified":"2026-04-08T11:40:47","modified_gmt":"2026-04-08T09:40:47","slug":"zastita-od-mraza-i-snijega-za-vjetrobransko-staklo-180x85cm","status":"publish","type":"product","link":"https:\/\/autostil.ba\/maloprodaja\/proizvod\/10292\/zastita-od-mraza-i-snijega-za-vjetrobransko-staklo-180x85cm\/","title":{"rendered":"ZA\u0160TITA OD MRAZA I SNIJEGA ZA VJETROBRANSKO STAKLO 180x85cm"},"content":{"rendered":"","protected":false},"excerpt":{"rendered":"<p>Proizvedeno od specijalnog materijala PEVA folije. Spre\u010dava zale\u0111ivanje zimi. Otklanja naporno struganje leda. Sa sigurnim nastavkom za sisaljke i integriranom vre\u0107icom za lako skladi\u0161tenje. Lako se postavlja: ra\u0161irite poklopac preko vjetrobranskog stakla i pri\u010dvrstite ga pri\u010dvr\u0161\u0107enim sisaljkama. Da biste spre\u010dili kra\u0111u, postavite bo\u010dne pregrade unutra kada zatvarate vrata automobila<\/p>\n","protected":false},"featured_media":112763,"comment_status":"open","ping_status":"closed","template":"","meta":{"_acf_changed":false,"inline_featured_image":false},"product_brand":[],"product_cat":[146],"product_tag":[],"class_list":{"0":"post-112762","1":"product","2":"type-product","3":"status-publish","4":"has-post-thumbnail","6":"product_cat-zastite-za-vjetrobransko-staklo","8":"first","9":"instock","10":"taxable","11":"shipping-taxable","12":"purchasable","13":"product-type-simple"},"acf":[],"custom_product_id":"10292","_links":{"self":[{"href":"https:\/\/autostil.ba\/maloprodaja\/wp-json\/wp\/v2\/product\/112762","targetHints":{"allow":["GET"]}}],"collection":[{"href":"https:\/\/autostil.ba\/maloprodaja\/wp-json\/wp\/v2\/product"}],"about":[{"href":"https:\/\/autostil.ba\/maloprodaja\/wp-json\/wp\/v2\/types\/product"}],"replies":[{"embeddable":true,"href":"https:\/\/autostil.ba\/maloprodaja\/wp-json\/wp\/v2\/comments?post=112762"}],"version-history":[{"count":1,"href":"https:\/\/autostil.ba\/maloprodaja\/wp-json\/wp\/v2\/product\/112762\/revisions"}],"predecessor-version":[{"id":112764,"href":"https:\/\/autostil.ba\/maloprodaja\/wp-json\/wp\/v2\/product\/112762\/revisions\/112764"}],"wp:featuredmedia":[{"embeddable":true,"href":"https:\/\/autostil.ba\/maloprodaja\/wp-json\/wp\/v2\/media\/112763"}],"wp:attachment":[{"href":"https:\/\/autostil.ba\/maloprodaja\/wp-json\/wp\/v2\/media?parent=112762"}],"wp:term":[{"taxonomy":"product_brand","embeddable":true,"href":"https:\/\/autostil.ba\/maloprodaja\/wp-json\/wp\/v2\/product_brand?post=112762"},{"taxonomy":"product_cat","embeddable":true,"href":"https:\/\/autostil.ba\/maloprodaja\/wp-json\/wp\/v2\/product_cat?post=112762"},{"taxonomy":"product_tag","embeddable":true,"href":"https:\/\/autostil.ba\/maloprodaja\/wp-json\/wp\/v2\/product_tag?post=112762"}],"curies":[{"name":"wp","href":"https:\/\/api.w.org\/{rel}","templated":true}]}}