{"id":112712,"date":"2024-07-18T08:10:14","date_gmt":"2024-07-18T06:10:14","guid":{"rendered":"https:\/\/autostil.ba\/maloprodaja\/?post_type=product&#038;p=112712"},"modified":"2026-04-08T11:40:41","modified_gmt":"2026-04-08T09:40:41","slug":"zastita-od-sunca-bocna-crna-lampa-trapezoidna-navlaka","status":"publish","type":"product","link":"https:\/\/autostil.ba\/maloprodaja\/proizvod\/10977\/zastita-od-sunca-bocna-crna-lampa-trapezoidna-navlaka\/","title":{"rendered":"ZA\u0160TITA OD SUNCA BO\u010cNA CRNA LAMPA TRAPEZOIDNA (NAVLAKA)"},"content":{"rendered":"","protected":false},"excerpt":{"rendered":"<p>ZA\u0160TITA OD SUNCA BO\u010cNA CRNA LAMPA TRAPEZOIDNA (NAVLAKA);  100% poliester, dvoslojni, ultra rastezljiv. Dvostruka funkcija: suncobran, za filtriranje sun\u010deve svjetlosti i za\u0161titu putnika pozadi bez ometanja vidljivosti; mre\u017ea protiv insekata, kako bi se sprije\u010dilo da insekti u\u0111u u vozilo. Poklopci ne ometaju kretanje stakla.<\/p>\n<p>Mo\u017ee se koristiti na zadnjim bo\u010dnim staklima i tokom vo\u017enje<\/p>\n<p>Dimenzija: cm 63\/114 &#8211; h 46<\/p>\n","protected":false},"featured_media":112713,"comment_status":"open","ping_status":"closed","template":"","meta":{"_acf_changed":false,"inline_featured_image":false},"product_brand":[],"product_cat":[91],"product_tag":[],"class_list":{"0":"post-112712","1":"product","2":"type-product","3":"status-publish","4":"has-post-thumbnail","6":"product_cat-sredstva-za-zastitu-od-sunca","8":"first","9":"instock","10":"taxable","11":"shipping-taxable","12":"purchasable","13":"product-type-simple"},"acf":[],"custom_product_id":"10977","_links":{"self":[{"href":"https:\/\/autostil.ba\/maloprodaja\/wp-json\/wp\/v2\/product\/112712","targetHints":{"allow":["GET"]}}],"collection":[{"href":"https:\/\/autostil.ba\/maloprodaja\/wp-json\/wp\/v2\/product"}],"about":[{"href":"https:\/\/autostil.ba\/maloprodaja\/wp-json\/wp\/v2\/types\/product"}],"replies":[{"embeddable":true,"href":"https:\/\/autostil.ba\/maloprodaja\/wp-json\/wp\/v2\/comments?post=112712"}],"version-history":[{"count":1,"href":"https:\/\/autostil.ba\/maloprodaja\/wp-json\/wp\/v2\/product\/112712\/revisions"}],"predecessor-version":[{"id":112714,"href":"https:\/\/autostil.ba\/maloprodaja\/wp-json\/wp\/v2\/product\/112712\/revisions\/112714"}],"wp:featuredmedia":[{"embeddable":true,"href":"https:\/\/autostil.ba\/maloprodaja\/wp-json\/wp\/v2\/media\/112713"}],"wp:attachment":[{"href":"https:\/\/autostil.ba\/maloprodaja\/wp-json\/wp\/v2\/media?parent=112712"}],"wp:term":[{"taxonomy":"product_brand","embeddable":true,"href":"https:\/\/autostil.ba\/maloprodaja\/wp-json\/wp\/v2\/product_brand?post=112712"},{"taxonomy":"product_cat","embeddable":true,"href":"https:\/\/autostil.ba\/maloprodaja\/wp-json\/wp\/v2\/product_cat?post=112712"},{"taxonomy":"product_tag","embeddable":true,"href":"https:\/\/autostil.ba\/maloprodaja\/wp-json\/wp\/v2\/product_tag?post=112712"}],"curies":[{"name":"wp","href":"https:\/\/api.w.org\/{rel}","templated":true}]}}