{"id":112682,"date":"2025-12-10T09:54:13","date_gmt":"2025-12-10T07:54:13","guid":{"rendered":"https:\/\/autostil.ba\/maloprodaja\/?post_type=product&#038;p=112682"},"modified":"2026-04-08T11:40:41","modified_gmt":"2026-04-08T09:40:41","slug":"set-visenamjenski-za-pricvrscivanje-na-cicak-lampa-48x18mm","status":"publish","type":"product","link":"https:\/\/autostil.ba\/maloprodaja\/proizvod\/10978\/set-visenamjenski-za-pricvrscivanje-na-cicak-lampa-48x18mm\/","title":{"rendered":"SET VI\u0160ENAMJENSKI ZA PRI\u010cVR\u0160\u0106IVANJE NA \u010cI\u010cAK LAMPA 48X18mm"},"content":{"rendered":"","protected":false},"excerpt":{"rendered":"<p>SET VI\u0160ENAMJENSKI ZA PRI\u010cVR\u0160\u0106IVANJE NA \u010cI\u010cAK LAMPA 48X18mm; Pogodno za primenu Telepass\u00ae.<\/p>\n<p>Savr\u0161eno za glatke povr\u0161ine (nije nazna\u010deno za porozne povr\u0161ine).<\/p>\n<p>Dimenzija: 48&#215;18 mm<\/p>\n","protected":false},"featured_media":112683,"comment_status":"open","ping_status":"closed","template":"","meta":{"_acf_changed":false,"inline_featured_image":false},"product_brand":[],"product_cat":[93],"product_tag":[],"class_list":{"0":"post-112682","1":"product","2":"type-product","3":"status-publish","4":"has-post-thumbnail","6":"product_cat-dodatna-oprema-enterijera","8":"first","9":"instock","10":"taxable","11":"shipping-taxable","12":"purchasable","13":"product-type-simple"},"acf":[],"custom_product_id":"10978","_links":{"self":[{"href":"https:\/\/autostil.ba\/maloprodaja\/wp-json\/wp\/v2\/product\/112682","targetHints":{"allow":["GET"]}}],"collection":[{"href":"https:\/\/autostil.ba\/maloprodaja\/wp-json\/wp\/v2\/product"}],"about":[{"href":"https:\/\/autostil.ba\/maloprodaja\/wp-json\/wp\/v2\/types\/product"}],"replies":[{"embeddable":true,"href":"https:\/\/autostil.ba\/maloprodaja\/wp-json\/wp\/v2\/comments?post=112682"}],"version-history":[{"count":1,"href":"https:\/\/autostil.ba\/maloprodaja\/wp-json\/wp\/v2\/product\/112682\/revisions"}],"predecessor-version":[{"id":112684,"href":"https:\/\/autostil.ba\/maloprodaja\/wp-json\/wp\/v2\/product\/112682\/revisions\/112684"}],"wp:featuredmedia":[{"embeddable":true,"href":"https:\/\/autostil.ba\/maloprodaja\/wp-json\/wp\/v2\/media\/112683"}],"wp:attachment":[{"href":"https:\/\/autostil.ba\/maloprodaja\/wp-json\/wp\/v2\/media?parent=112682"}],"wp:term":[{"taxonomy":"product_brand","embeddable":true,"href":"https:\/\/autostil.ba\/maloprodaja\/wp-json\/wp\/v2\/product_brand?post=112682"},{"taxonomy":"product_cat","embeddable":true,"href":"https:\/\/autostil.ba\/maloprodaja\/wp-json\/wp\/v2\/product_cat?post=112682"},{"taxonomy":"product_tag","embeddable":true,"href":"https:\/\/autostil.ba\/maloprodaja\/wp-json\/wp\/v2\/product_tag?post=112682"}],"curies":[{"name":"wp","href":"https:\/\/api.w.org\/{rel}","templated":true}]}}