{"id":112632,"date":"2025-12-10T09:56:11","date_gmt":"2025-12-10T07:56:11","guid":{"rendered":"https:\/\/autostil.ba\/maloprodaja\/?post_type=product&#038;p=112632"},"modified":"2026-04-08T11:40:41","modified_gmt":"2026-04-08T09:40:41","slug":"kuciste-osiguraca-mini-za-dodatni-prikljucak","status":"publish","type":"product","link":"https:\/\/autostil.ba\/maloprodaja\/proizvod\/7338\/kuciste-osiguraca-mini-za-dodatni-prikljucak\/","title":{"rendered":"KU\u0106I\u0160TE OSIGURA\u010cA MINI ZA DODATNI PRIKLJU\u010cAK"},"content":{"rendered":"","protected":false},"excerpt":{"rendered":"<p>KU\u0106I\u0160TE OSIGURA\u010cA MINI ZA DODATNI PRIKLJU\u010cAK Brzi konektor za osigura\u010d 12 \/ 24V. Omogu\u0107uje povezivanje i trenutno povla\u010denje s bilo kojeg dr\u017ea\u010da osigura\u010da mikro o\u0161trice.<\/p>\n","protected":false},"featured_media":112633,"comment_status":"open","ping_status":"closed","template":"","meta":{"_acf_changed":false,"inline_featured_image":false},"product_brand":[],"product_cat":[84],"product_tag":[],"class_list":{"0":"post-112632","1":"product","2":"type-product","3":"status-publish","4":"has-post-thumbnail","6":"product_cat-osiguraci-za-auto","8":"first","9":"instock","10":"taxable","11":"shipping-taxable","12":"purchasable","13":"product-type-simple"},"acf":[],"custom_product_id":"7338","_links":{"self":[{"href":"https:\/\/autostil.ba\/maloprodaja\/wp-json\/wp\/v2\/product\/112632","targetHints":{"allow":["GET"]}}],"collection":[{"href":"https:\/\/autostil.ba\/maloprodaja\/wp-json\/wp\/v2\/product"}],"about":[{"href":"https:\/\/autostil.ba\/maloprodaja\/wp-json\/wp\/v2\/types\/product"}],"replies":[{"embeddable":true,"href":"https:\/\/autostil.ba\/maloprodaja\/wp-json\/wp\/v2\/comments?post=112632"}],"version-history":[{"count":1,"href":"https:\/\/autostil.ba\/maloprodaja\/wp-json\/wp\/v2\/product\/112632\/revisions"}],"predecessor-version":[{"id":112634,"href":"https:\/\/autostil.ba\/maloprodaja\/wp-json\/wp\/v2\/product\/112632\/revisions\/112634"}],"wp:featuredmedia":[{"embeddable":true,"href":"https:\/\/autostil.ba\/maloprodaja\/wp-json\/wp\/v2\/media\/112633"}],"wp:attachment":[{"href":"https:\/\/autostil.ba\/maloprodaja\/wp-json\/wp\/v2\/media?parent=112632"}],"wp:term":[{"taxonomy":"product_brand","embeddable":true,"href":"https:\/\/autostil.ba\/maloprodaja\/wp-json\/wp\/v2\/product_brand?post=112632"},{"taxonomy":"product_cat","embeddable":true,"href":"https:\/\/autostil.ba\/maloprodaja\/wp-json\/wp\/v2\/product_cat?post=112632"},{"taxonomy":"product_tag","embeddable":true,"href":"https:\/\/autostil.ba\/maloprodaja\/wp-json\/wp\/v2\/product_tag?post=112632"}],"curies":[{"name":"wp","href":"https:\/\/api.w.org\/{rel}","templated":true}]}}