{"id":112622,"date":"2025-12-10T09:56:10","date_gmt":"2025-12-10T07:56:10","guid":{"rendered":"https:\/\/autostil.ba\/maloprodaja\/?post_type=product&#038;p=112622"},"modified":"2026-04-08T11:40:41","modified_gmt":"2026-04-08T09:40:41","slug":"kuciste-osiguraca-za-dodatni-prikljucak","status":"publish","type":"product","link":"https:\/\/autostil.ba\/maloprodaja\/proizvod\/7339\/kuciste-osiguraca-za-dodatni-prikljucak\/","title":{"rendered":"KU\u0106I\u0160TE OSIGURA\u010cA ZA DODATNI PRIKLJU\u010cAK"},"content":{"rendered":"","protected":false},"excerpt":{"rendered":"<p>KU\u0106I\u0160TE OSIGURA\u010cA ZA DODATNI PRIKLJU\u010cAK Brzi konektor za osigura\u010d no\u017ea, 12 \/ 24V.Omogu\u0107uje povezivanje i trenutno povla\u010denje iz bilo kojeg standardnog dr\u017ea\u010da osigura\u010da no\u017ea.<\/p>\n","protected":false},"featured_media":112623,"comment_status":"open","ping_status":"closed","template":"","meta":{"_acf_changed":false,"inline_featured_image":false},"product_brand":[],"product_cat":[84],"product_tag":[],"class_list":{"0":"post-112622","1":"product","2":"type-product","3":"status-publish","4":"has-post-thumbnail","6":"product_cat-osiguraci-za-auto","8":"first","9":"instock","10":"taxable","11":"shipping-taxable","12":"purchasable","13":"product-type-simple"},"acf":[],"custom_product_id":"7339","_links":{"self":[{"href":"https:\/\/autostil.ba\/maloprodaja\/wp-json\/wp\/v2\/product\/112622","targetHints":{"allow":["GET"]}}],"collection":[{"href":"https:\/\/autostil.ba\/maloprodaja\/wp-json\/wp\/v2\/product"}],"about":[{"href":"https:\/\/autostil.ba\/maloprodaja\/wp-json\/wp\/v2\/types\/product"}],"replies":[{"embeddable":true,"href":"https:\/\/autostil.ba\/maloprodaja\/wp-json\/wp\/v2\/comments?post=112622"}],"version-history":[{"count":1,"href":"https:\/\/autostil.ba\/maloprodaja\/wp-json\/wp\/v2\/product\/112622\/revisions"}],"predecessor-version":[{"id":112624,"href":"https:\/\/autostil.ba\/maloprodaja\/wp-json\/wp\/v2\/product\/112622\/revisions\/112624"}],"wp:featuredmedia":[{"embeddable":true,"href":"https:\/\/autostil.ba\/maloprodaja\/wp-json\/wp\/v2\/media\/112623"}],"wp:attachment":[{"href":"https:\/\/autostil.ba\/maloprodaja\/wp-json\/wp\/v2\/media?parent=112622"}],"wp:term":[{"taxonomy":"product_brand","embeddable":true,"href":"https:\/\/autostil.ba\/maloprodaja\/wp-json\/wp\/v2\/product_brand?post=112622"},{"taxonomy":"product_cat","embeddable":true,"href":"https:\/\/autostil.ba\/maloprodaja\/wp-json\/wp\/v2\/product_cat?post=112622"},{"taxonomy":"product_tag","embeddable":true,"href":"https:\/\/autostil.ba\/maloprodaja\/wp-json\/wp\/v2\/product_tag?post=112622"}],"curies":[{"name":"wp","href":"https:\/\/api.w.org\/{rel}","templated":true}]}}