{"id":112492,"date":"2024-07-18T08:10:04","date_gmt":"2024-07-18T06:10:04","guid":{"rendered":"https:\/\/autostil.ba\/maloprodaja\/?post_type=product&#038;p=112492"},"modified":"2026-04-08T11:40:30","modified_gmt":"2026-04-08T09:40:30","slug":"pumpa-nozna-sa-manometrom-1-cilindar-lux","status":"publish","type":"product","link":"https:\/\/autostil.ba\/maloprodaja\/proizvod\/4269\/pumpa-nozna-sa-manometrom-1-cilindar-lux\/","title":{"rendered":"PUMPA NO\u017dNA SA MANOMETROM 1 CILINDAR LUX"},"content":{"rendered":"","protected":false},"excerpt":{"rendered":"<p>PUMPA NO\u017dNA SA MANOMETROM 1 CILINDAR LUX Visokokvalitetna no\u017ena pumpa 1 cilindar, sa manometrom. Te\u0161ki metalni okvir. Isporu\u010duje se sa adapterima i mlaznicom.<\/p>\n","protected":false},"featured_media":112493,"comment_status":"open","ping_status":"closed","template":"","meta":{"_acf_changed":false,"inline_featured_image":false},"product_brand":[],"product_cat":[143],"product_tag":[],"class_list":{"0":"post-112492","1":"product","2":"type-product","3":"status-publish","4":"has-post-thumbnail","6":"product_cat-sredstva-za-odrzavanje-pneumatika","8":"first","9":"instock","10":"taxable","11":"shipping-taxable","12":"purchasable","13":"product-type-simple"},"acf":[],"custom_product_id":"4269","_links":{"self":[{"href":"https:\/\/autostil.ba\/maloprodaja\/wp-json\/wp\/v2\/product\/112492","targetHints":{"allow":["GET"]}}],"collection":[{"href":"https:\/\/autostil.ba\/maloprodaja\/wp-json\/wp\/v2\/product"}],"about":[{"href":"https:\/\/autostil.ba\/maloprodaja\/wp-json\/wp\/v2\/types\/product"}],"replies":[{"embeddable":true,"href":"https:\/\/autostil.ba\/maloprodaja\/wp-json\/wp\/v2\/comments?post=112492"}],"version-history":[{"count":1,"href":"https:\/\/autostil.ba\/maloprodaja\/wp-json\/wp\/v2\/product\/112492\/revisions"}],"predecessor-version":[{"id":112494,"href":"https:\/\/autostil.ba\/maloprodaja\/wp-json\/wp\/v2\/product\/112492\/revisions\/112494"}],"wp:featuredmedia":[{"embeddable":true,"href":"https:\/\/autostil.ba\/maloprodaja\/wp-json\/wp\/v2\/media\/112493"}],"wp:attachment":[{"href":"https:\/\/autostil.ba\/maloprodaja\/wp-json\/wp\/v2\/media?parent=112492"}],"wp:term":[{"taxonomy":"product_brand","embeddable":true,"href":"https:\/\/autostil.ba\/maloprodaja\/wp-json\/wp\/v2\/product_brand?post=112492"},{"taxonomy":"product_cat","embeddable":true,"href":"https:\/\/autostil.ba\/maloprodaja\/wp-json\/wp\/v2\/product_cat?post=112492"},{"taxonomy":"product_tag","embeddable":true,"href":"https:\/\/autostil.ba\/maloprodaja\/wp-json\/wp\/v2\/product_tag?post=112492"}],"curies":[{"name":"wp","href":"https:\/\/api.w.org\/{rel}","templated":true}]}}