{"id":112472,"date":"2024-07-18T08:10:03","date_gmt":"2024-07-18T06:10:03","guid":{"rendered":"https:\/\/autostil.ba\/maloprodaja\/?post_type=product&#038;p=112472"},"modified":"2026-04-08T11:40:30","modified_gmt":"2026-04-08T09:40:30","slug":"blokada-sigurnosnog-pojasa-zvucna","status":"publish","type":"product","link":"https:\/\/autostil.ba\/maloprodaja\/proizvod\/6018\/blokada-sigurnosnog-pojasa-zvucna\/","title":{"rendered":"BLOKADA SIGURNOSNOG POJASA ZVU\u010cNA"},"content":{"rendered":"","protected":false},"excerpt":{"rendered":"<p>Zvu\u010dni stoper za sigurnosni pojas koji ispu\u0161ta zvu\u010dni signal ako se ne koristi sigurnosni pojas. Univerzalno, odgovara ve\u0107ini savremenih vozila.<br \/>\nNapomena: koristiti se samo kada sigurnosni pojas nije obavezan, van puteva, trudnice itd. Molimo pogledajte pravila va\u0161e zemlje.<\/p>\n","protected":false},"featured_media":112473,"comment_status":"open","ping_status":"closed","template":"","meta":{"_acf_changed":false,"inline_featured_image":false},"product_brand":[],"product_cat":[151],"product_tag":[],"class_list":{"0":"post-112472","1":"product","2":"type-product","3":"status-publish","4":"has-post-thumbnail","6":"product_cat-blokade-za-sigurnosni-pojas","8":"first","9":"instock","10":"taxable","11":"shipping-taxable","12":"purchasable","13":"product-type-simple"},"acf":[],"custom_product_id":"6018","_links":{"self":[{"href":"https:\/\/autostil.ba\/maloprodaja\/wp-json\/wp\/v2\/product\/112472","targetHints":{"allow":["GET"]}}],"collection":[{"href":"https:\/\/autostil.ba\/maloprodaja\/wp-json\/wp\/v2\/product"}],"about":[{"href":"https:\/\/autostil.ba\/maloprodaja\/wp-json\/wp\/v2\/types\/product"}],"replies":[{"embeddable":true,"href":"https:\/\/autostil.ba\/maloprodaja\/wp-json\/wp\/v2\/comments?post=112472"}],"version-history":[{"count":1,"href":"https:\/\/autostil.ba\/maloprodaja\/wp-json\/wp\/v2\/product\/112472\/revisions"}],"predecessor-version":[{"id":112474,"href":"https:\/\/autostil.ba\/maloprodaja\/wp-json\/wp\/v2\/product\/112472\/revisions\/112474"}],"wp:featuredmedia":[{"embeddable":true,"href":"https:\/\/autostil.ba\/maloprodaja\/wp-json\/wp\/v2\/media\/112473"}],"wp:attachment":[{"href":"https:\/\/autostil.ba\/maloprodaja\/wp-json\/wp\/v2\/media?parent=112472"}],"wp:term":[{"taxonomy":"product_brand","embeddable":true,"href":"https:\/\/autostil.ba\/maloprodaja\/wp-json\/wp\/v2\/product_brand?post=112472"},{"taxonomy":"product_cat","embeddable":true,"href":"https:\/\/autostil.ba\/maloprodaja\/wp-json\/wp\/v2\/product_cat?post=112472"},{"taxonomy":"product_tag","embeddable":true,"href":"https:\/\/autostil.ba\/maloprodaja\/wp-json\/wp\/v2\/product_tag?post=112472"}],"curies":[{"name":"wp","href":"https:\/\/api.w.org\/{rel}","templated":true}]}}