{"id":112442,"date":"2024-07-18T08:10:02","date_gmt":"2024-07-18T06:10:02","guid":{"rendered":"https:\/\/autostil.ba\/maloprodaja\/?post_type=product&#038;p=112442"},"modified":"2026-04-08T11:40:30","modified_gmt":"2026-04-08T09:40:30","slug":"drzac-za-telefon-tablet-navigaciju-super-grip","status":"publish","type":"product","link":"https:\/\/autostil.ba\/maloprodaja\/proizvod\/6625\/drzac-za-telefon-tablet-navigaciju-super-grip\/","title":{"rendered":"DR\u017dA\u010c ZA TELEFON, TABLET, NAVIGACIJU SUPER GRIP"},"content":{"rendered":"","protected":false},"excerpt":{"rendered":"<p>DR\u017dA\u010c ZA TELEFON, TABLET, NAVIGACIJU SUPER GRIP Super Grip, telefon, tablet i dr\u017ea\u010d za tablet s ljepljivom usisnom \u010da\u0161om.Super otporna struktura u potpunosti podesiva.<br \/>\nSuper jaka ljepljiva usisna \u010da\u0161a za sigurno prijanjanje na vjetrobransko staklo i nadzornu plo\u010du.<br \/>\nPodesivo i zakretanje za 360 \u00b0.<br \/>\nKompatibilno je s ure\u0111ajima \u0161irine ili visine od 125 do 180 mm.<br \/>\nNe ometa aux i priklju\u010dak za punjenje.<\/p>\n","protected":false},"featured_media":793044997,"comment_status":"open","ping_status":"closed","template":"","meta":{"_acf_changed":false,"inline_featured_image":false},"product_brand":[],"product_cat":[105],"product_tag":[],"class_list":{"0":"post-112442","1":"product","2":"type-product","3":"status-publish","4":"has-post-thumbnail","6":"product_cat-nosaci-mobitela-tableta-navigacije","8":"first","9":"instock","10":"taxable","11":"shipping-taxable","12":"purchasable","13":"product-type-simple"},"acf":[],"custom_product_id":"6625","_links":{"self":[{"href":"https:\/\/autostil.ba\/maloprodaja\/wp-json\/wp\/v2\/product\/112442","targetHints":{"allow":["GET"]}}],"collection":[{"href":"https:\/\/autostil.ba\/maloprodaja\/wp-json\/wp\/v2\/product"}],"about":[{"href":"https:\/\/autostil.ba\/maloprodaja\/wp-json\/wp\/v2\/types\/product"}],"replies":[{"embeddable":true,"href":"https:\/\/autostil.ba\/maloprodaja\/wp-json\/wp\/v2\/comments?post=112442"}],"version-history":[{"count":1,"href":"https:\/\/autostil.ba\/maloprodaja\/wp-json\/wp\/v2\/product\/112442\/revisions"}],"predecessor-version":[{"id":112444,"href":"https:\/\/autostil.ba\/maloprodaja\/wp-json\/wp\/v2\/product\/112442\/revisions\/112444"}],"wp:featuredmedia":[{"embeddable":true,"href":"https:\/\/autostil.ba\/maloprodaja\/wp-json\/wp\/v2\/media\/793044997"}],"wp:attachment":[{"href":"https:\/\/autostil.ba\/maloprodaja\/wp-json\/wp\/v2\/media?parent=112442"}],"wp:term":[{"taxonomy":"product_brand","embeddable":true,"href":"https:\/\/autostil.ba\/maloprodaja\/wp-json\/wp\/v2\/product_brand?post=112442"},{"taxonomy":"product_cat","embeddable":true,"href":"https:\/\/autostil.ba\/maloprodaja\/wp-json\/wp\/v2\/product_cat?post=112442"},{"taxonomy":"product_tag","embeddable":true,"href":"https:\/\/autostil.ba\/maloprodaja\/wp-json\/wp\/v2\/product_tag?post=112442"}],"curies":[{"name":"wp","href":"https:\/\/api.w.org\/{rel}","templated":true}]}}