{"id":112322,"date":"2026-01-27T15:52:57","date_gmt":"2026-01-27T13:52:57","guid":{"rendered":"https:\/\/autostil.ba\/maloprodaja\/?post_type=product&#038;p=112322"},"modified":"2026-04-08T11:40:24","modified_gmt":"2026-04-08T09:40:24","slug":"polir-pasta-za-metalik-lak-arexons","status":"publish","type":"product","link":"https:\/\/autostil.ba\/maloprodaja\/proizvod\/5273\/polir-pasta-za-metalik-lak-arexons\/","title":{"rendered":"POLIR PASTA ZA METALIK LAK AREXONS"},"content":{"rendered":"","protected":false},"excerpt":{"rendered":"<p>Arexons polir pasta je specijalno dizajniran proizvod za metalik boju.<\/p>\n<p>Idealan je za poliranje i za\u0161titu boje. Ostavlja za\u0161titni film na karoseriji koji efikasno<\/p>\n<p>\u0161titi od lo\u0161ih uticaja svih vremenskih uslova. Ne sadr\u017ei abraziv. Uputstvo na ambala\u017ei.<\/p>\n","protected":false},"featured_media":112323,"comment_status":"open","ping_status":"closed","template":"","meta":{"_acf_changed":false,"inline_featured_image":false},"product_brand":[],"product_cat":[97],"product_tag":[],"class_list":{"0":"post-112322","1":"product","2":"type-product","3":"status-publish","4":"has-post-thumbnail","6":"product_cat-program-za-poliranje-vozila","8":"first","9":"instock","10":"taxable","11":"shipping-taxable","12":"purchasable","13":"product-type-simple"},"acf":[],"custom_product_id":"5273","_links":{"self":[{"href":"https:\/\/autostil.ba\/maloprodaja\/wp-json\/wp\/v2\/product\/112322","targetHints":{"allow":["GET"]}}],"collection":[{"href":"https:\/\/autostil.ba\/maloprodaja\/wp-json\/wp\/v2\/product"}],"about":[{"href":"https:\/\/autostil.ba\/maloprodaja\/wp-json\/wp\/v2\/types\/product"}],"replies":[{"embeddable":true,"href":"https:\/\/autostil.ba\/maloprodaja\/wp-json\/wp\/v2\/comments?post=112322"}],"version-history":[{"count":1,"href":"https:\/\/autostil.ba\/maloprodaja\/wp-json\/wp\/v2\/product\/112322\/revisions"}],"predecessor-version":[{"id":112324,"href":"https:\/\/autostil.ba\/maloprodaja\/wp-json\/wp\/v2\/product\/112322\/revisions\/112324"}],"wp:featuredmedia":[{"embeddable":true,"href":"https:\/\/autostil.ba\/maloprodaja\/wp-json\/wp\/v2\/media\/112323"}],"wp:attachment":[{"href":"https:\/\/autostil.ba\/maloprodaja\/wp-json\/wp\/v2\/media?parent=112322"}],"wp:term":[{"taxonomy":"product_brand","embeddable":true,"href":"https:\/\/autostil.ba\/maloprodaja\/wp-json\/wp\/v2\/product_brand?post=112322"},{"taxonomy":"product_cat","embeddable":true,"href":"https:\/\/autostil.ba\/maloprodaja\/wp-json\/wp\/v2\/product_cat?post=112322"},{"taxonomy":"product_tag","embeddable":true,"href":"https:\/\/autostil.ba\/maloprodaja\/wp-json\/wp\/v2\/product_tag?post=112322"}],"curies":[{"name":"wp","href":"https:\/\/api.w.org\/{rel}","templated":true}]}}