{"id":112302,"date":"2024-07-18T08:09:56","date_gmt":"2024-07-18T06:09:56","guid":{"rendered":"https:\/\/autostil.ba\/maloprodaja\/?post_type=product&#038;p=112302"},"modified":"2026-04-08T11:40:19","modified_gmt":"2026-04-08T09:40:19","slug":"nosac-za-skije-menabo-barra-nadogradnja-1-par-skija","status":"publish","type":"product","link":"https:\/\/autostil.ba\/maloprodaja\/proizvod\/11525\/nosac-za-skije-menabo-barra-nadogradnja-1-par-skija\/","title":{"rendered":"NOSA\u010c ZA SKIJE MENABO BARRA NADOGRADNJA-1 PAR SKIJA"},"content":{"rendered":"","protected":false},"excerpt":{"rendered":"<p>Nosa\u010d za skije pogodan za no\u0161enje 1 para skija.<br \/>\nBez sistema protiv kra\u0111e. Pri\u010dvr\u0161c\u0301ivanje na klasi\u010dne krovne \u0161ipke.Monta\u017ea mogu\u0107a na \u0161ipke \u0107ija \u0161irina ne prelazi 5cm.<br \/>\nMax. preporu\u010dena brzina do 130 km\/h.<\/p>\n","protected":false},"featured_media":112303,"comment_status":"open","ping_status":"closed","template":"","meta":{"_acf_changed":false,"inline_featured_image":false},"product_brand":[],"product_cat":[167,194],"product_tag":[],"class_list":{"0":"post-112302","1":"product","2":"type-product","3":"status-publish","4":"has-post-thumbnail","6":"product_cat-nosaci-za-skije-snowboard","7":"product_cat-nosaci-za-skije-i-snowboard","9":"first","10":"instock","11":"taxable","12":"shipping-taxable","13":"purchasable","14":"product-type-simple"},"acf":[],"custom_product_id":"11525","_links":{"self":[{"href":"https:\/\/autostil.ba\/maloprodaja\/wp-json\/wp\/v2\/product\/112302","targetHints":{"allow":["GET"]}}],"collection":[{"href":"https:\/\/autostil.ba\/maloprodaja\/wp-json\/wp\/v2\/product"}],"about":[{"href":"https:\/\/autostil.ba\/maloprodaja\/wp-json\/wp\/v2\/types\/product"}],"replies":[{"embeddable":true,"href":"https:\/\/autostil.ba\/maloprodaja\/wp-json\/wp\/v2\/comments?post=112302"}],"version-history":[{"count":1,"href":"https:\/\/autostil.ba\/maloprodaja\/wp-json\/wp\/v2\/product\/112302\/revisions"}],"predecessor-version":[{"id":112304,"href":"https:\/\/autostil.ba\/maloprodaja\/wp-json\/wp\/v2\/product\/112302\/revisions\/112304"}],"wp:featuredmedia":[{"embeddable":true,"href":"https:\/\/autostil.ba\/maloprodaja\/wp-json\/wp\/v2\/media\/112303"}],"wp:attachment":[{"href":"https:\/\/autostil.ba\/maloprodaja\/wp-json\/wp\/v2\/media?parent=112302"}],"wp:term":[{"taxonomy":"product_brand","embeddable":true,"href":"https:\/\/autostil.ba\/maloprodaja\/wp-json\/wp\/v2\/product_brand?post=112302"},{"taxonomy":"product_cat","embeddable":true,"href":"https:\/\/autostil.ba\/maloprodaja\/wp-json\/wp\/v2\/product_cat?post=112302"},{"taxonomy":"product_tag","embeddable":true,"href":"https:\/\/autostil.ba\/maloprodaja\/wp-json\/wp\/v2\/product_tag?post=112302"}],"curies":[{"name":"wp","href":"https:\/\/api.w.org\/{rel}","templated":true}]}}