{"id":112292,"date":"2024-07-18T08:09:56","date_gmt":"2024-07-18T06:09:56","guid":{"rendered":"https:\/\/autostil.ba\/maloprodaja\/?post_type=product&#038;p=112292"},"modified":"2026-04-08T11:40:18","modified_gmt":"2026-04-08T09:40:18","slug":"nosac-za-skije-menabo-yelo-nadogradnja-6-pari-skija-2","status":"publish","type":"product","link":"https:\/\/autostil.ba\/maloprodaja\/proizvod\/11524\/nosac-za-skije-menabo-yelo-nadogradnja-6-pari-skija-2\/","title":{"rendered":"NOSA\u010c ZA SKIJE MENABO YELO NADOGRADNJA-6 PARI SKIJA"},"content":{"rendered":"","protected":false},"excerpt":{"rendered":"<p>NOSA\u010c ZA SKIJE MENABO YELO Nosa\u010d za skije, dizajniran za \u0161est parova skija ili \u010detiri snowboarda. Vrlo funkcionalan i siguran, izra\u0111en od aluminija i \u010dvrste plastike, opremljen je kliznim podstavkom za lak\u0161e utovar i istovar skija i snowboarda. Mo\u017ee se lako instalirati na standardnim krovnim nosa\u010dima T-vijci 20 mm. Sadr\u017ei i dvostruki sustav protiv lomljenja kako za nosa\u010de tako i i za skije\/snowboarde.<\/p>\n","protected":false},"featured_media":112293,"comment_status":"open","ping_status":"closed","template":"","meta":{"_acf_changed":false,"inline_featured_image":false},"product_brand":[],"product_cat":[167,194],"product_tag":[],"class_list":{"0":"post-112292","1":"product","2":"type-product","3":"status-publish","4":"has-post-thumbnail","6":"product_cat-nosaci-za-skije-snowboard","7":"product_cat-nosaci-za-skije-i-snowboard","9":"first","10":"instock","11":"taxable","12":"shipping-taxable","13":"purchasable","14":"product-type-simple"},"acf":[],"custom_product_id":"11524","_links":{"self":[{"href":"https:\/\/autostil.ba\/maloprodaja\/wp-json\/wp\/v2\/product\/112292","targetHints":{"allow":["GET"]}}],"collection":[{"href":"https:\/\/autostil.ba\/maloprodaja\/wp-json\/wp\/v2\/product"}],"about":[{"href":"https:\/\/autostil.ba\/maloprodaja\/wp-json\/wp\/v2\/types\/product"}],"replies":[{"embeddable":true,"href":"https:\/\/autostil.ba\/maloprodaja\/wp-json\/wp\/v2\/comments?post=112292"}],"version-history":[{"count":1,"href":"https:\/\/autostil.ba\/maloprodaja\/wp-json\/wp\/v2\/product\/112292\/revisions"}],"predecessor-version":[{"id":112294,"href":"https:\/\/autostil.ba\/maloprodaja\/wp-json\/wp\/v2\/product\/112292\/revisions\/112294"}],"wp:featuredmedia":[{"embeddable":true,"href":"https:\/\/autostil.ba\/maloprodaja\/wp-json\/wp\/v2\/media\/112293"}],"wp:attachment":[{"href":"https:\/\/autostil.ba\/maloprodaja\/wp-json\/wp\/v2\/media?parent=112292"}],"wp:term":[{"taxonomy":"product_brand","embeddable":true,"href":"https:\/\/autostil.ba\/maloprodaja\/wp-json\/wp\/v2\/product_brand?post=112292"},{"taxonomy":"product_cat","embeddable":true,"href":"https:\/\/autostil.ba\/maloprodaja\/wp-json\/wp\/v2\/product_cat?post=112292"},{"taxonomy":"product_tag","embeddable":true,"href":"https:\/\/autostil.ba\/maloprodaja\/wp-json\/wp\/v2\/product_tag?post=112292"}],"curies":[{"name":"wp","href":"https:\/\/api.w.org\/{rel}","templated":true}]}}