{"id":112232,"date":"2024-07-18T08:09:53","date_gmt":"2024-07-18T06:09:53","guid":{"rendered":"https:\/\/autostil.ba\/maloprodaja\/?post_type=product&#038;p=112232"},"modified":"2026-04-23T13:59:46","modified_gmt":"2026-04-23T11:59:46","slug":"sprej-za-krpljenje-guma-300ml-stacplastic","status":"publish","type":"product","link":"https:\/\/autostil.ba\/maloprodaja\/proizvod\/5805\/sprej-za-krpljenje-guma-300ml-stacplastic\/","title":{"rendered":"SPREJ ZA KRPLJENJE GUMA 300ml STACPLASTIC"},"content":{"rendered":"","protected":false},"excerpt":{"rendered":"<p>SPREJ ZA KRPLJENJE GUMA 300ml STACPLASTIC  Sprej za krpljenje i brz  popravak guma.  Alat se koristi za privremeno popravljanje svih vrsta guma. Te\u010dna gumena komponenta brtvi rupu, pogonski plin \u0107e osigurati potrebni pritisak u gumama. Sadr\u017eaj boce dovoljan je za jedan to\u010dak automobila. Za gume za motore dovoljno je 30 do 50% punjenja.<\/p>\n","protected":false},"featured_media":112233,"comment_status":"open","ping_status":"closed","template":"","meta":{"_acf_changed":false,"inline_featured_image":false},"product_brand":[],"product_cat":[143],"product_tag":[],"class_list":{"0":"post-112232","1":"product","2":"type-product","3":"status-publish","4":"has-post-thumbnail","6":"product_cat-sredstva-za-odrzavanje-pneumatika","8":"first","9":"instock","10":"taxable","11":"shipping-taxable","12":"purchasable","13":"product-type-simple"},"acf":[],"custom_product_id":"5805","_links":{"self":[{"href":"https:\/\/autostil.ba\/maloprodaja\/wp-json\/wp\/v2\/product\/112232","targetHints":{"allow":["GET"]}}],"collection":[{"href":"https:\/\/autostil.ba\/maloprodaja\/wp-json\/wp\/v2\/product"}],"about":[{"href":"https:\/\/autostil.ba\/maloprodaja\/wp-json\/wp\/v2\/types\/product"}],"replies":[{"embeddable":true,"href":"https:\/\/autostil.ba\/maloprodaja\/wp-json\/wp\/v2\/comments?post=112232"}],"version-history":[{"count":1,"href":"https:\/\/autostil.ba\/maloprodaja\/wp-json\/wp\/v2\/product\/112232\/revisions"}],"predecessor-version":[{"id":112234,"href":"https:\/\/autostil.ba\/maloprodaja\/wp-json\/wp\/v2\/product\/112232\/revisions\/112234"}],"wp:featuredmedia":[{"embeddable":true,"href":"https:\/\/autostil.ba\/maloprodaja\/wp-json\/wp\/v2\/media\/112233"}],"wp:attachment":[{"href":"https:\/\/autostil.ba\/maloprodaja\/wp-json\/wp\/v2\/media?parent=112232"}],"wp:term":[{"taxonomy":"product_brand","embeddable":true,"href":"https:\/\/autostil.ba\/maloprodaja\/wp-json\/wp\/v2\/product_brand?post=112232"},{"taxonomy":"product_cat","embeddable":true,"href":"https:\/\/autostil.ba\/maloprodaja\/wp-json\/wp\/v2\/product_cat?post=112232"},{"taxonomy":"product_tag","embeddable":true,"href":"https:\/\/autostil.ba\/maloprodaja\/wp-json\/wp\/v2\/product_tag?post=112232"}],"curies":[{"name":"wp","href":"https:\/\/api.w.org\/{rel}","templated":true}]}}