{"id":112212,"date":"2024-07-18T08:09:52","date_gmt":"2024-07-18T06:09:52","guid":{"rendered":"https:\/\/autostil.ba\/maloprodaja\/?post_type=product&#038;p=112212"},"modified":"2026-04-08T11:40:18","modified_gmt":"2026-04-08T09:40:18","slug":"vatrogasni-aparat-0-5kg-max","status":"publish","type":"product","link":"https:\/\/autostil.ba\/maloprodaja\/proizvod\/6065\/vatrogasni-aparat-0-5kg-max\/","title":{"rendered":"VATROGASNI APARAT 0.5kg MAX"},"content":{"rendered":"","protected":false},"excerpt":{"rendered":"<p>VATROGASNI APARAT 0.5kg MAX Vatrogasni aparat, za za\u0161titu od po\u017eara sjajna je pomo\u0107 pri malom ga\u0161enju po\u017eara. Njegov sastav ne nagriza koroziju. Njegova je prednost \u0161to je mo\u017eete koristiti vi\u0161e puta i ne morate kupiti novi sprej. Ovaj proizvod mo\u017eete koristiti ne samo u automobilima, ve\u0107 je i pogodan za upotrebu u ku\u0107ama ili uredima. Uz ovaj prakti\u010dni pomo\u0107nik osje\u0107a\u0107ete se sigurnije i mo\u017eete brzo ugasiti mali po\u017ear. Sadr\u017eaj jedne posude je 500 ml.<\/p>\n","protected":false},"featured_media":112213,"comment_status":"open","ping_status":"closed","template":"","meta":{"_acf_changed":false,"inline_featured_image":false},"product_brand":[],"product_cat":[96],"product_tag":[],"class_list":{"0":"post-112212","1":"product","2":"type-product","3":"status-publish","4":"has-post-thumbnail","6":"product_cat-vatrogasni-aparati","8":"first","9":"instock","10":"taxable","11":"shipping-taxable","12":"purchasable","13":"product-type-simple"},"acf":[],"custom_product_id":"6065","_links":{"self":[{"href":"https:\/\/autostil.ba\/maloprodaja\/wp-json\/wp\/v2\/product\/112212","targetHints":{"allow":["GET"]}}],"collection":[{"href":"https:\/\/autostil.ba\/maloprodaja\/wp-json\/wp\/v2\/product"}],"about":[{"href":"https:\/\/autostil.ba\/maloprodaja\/wp-json\/wp\/v2\/types\/product"}],"replies":[{"embeddable":true,"href":"https:\/\/autostil.ba\/maloprodaja\/wp-json\/wp\/v2\/comments?post=112212"}],"version-history":[{"count":1,"href":"https:\/\/autostil.ba\/maloprodaja\/wp-json\/wp\/v2\/product\/112212\/revisions"}],"predecessor-version":[{"id":112214,"href":"https:\/\/autostil.ba\/maloprodaja\/wp-json\/wp\/v2\/product\/112212\/revisions\/112214"}],"wp:featuredmedia":[{"embeddable":true,"href":"https:\/\/autostil.ba\/maloprodaja\/wp-json\/wp\/v2\/media\/112213"}],"wp:attachment":[{"href":"https:\/\/autostil.ba\/maloprodaja\/wp-json\/wp\/v2\/media?parent=112212"}],"wp:term":[{"taxonomy":"product_brand","embeddable":true,"href":"https:\/\/autostil.ba\/maloprodaja\/wp-json\/wp\/v2\/product_brand?post=112212"},{"taxonomy":"product_cat","embeddable":true,"href":"https:\/\/autostil.ba\/maloprodaja\/wp-json\/wp\/v2\/product_cat?post=112212"},{"taxonomy":"product_tag","embeddable":true,"href":"https:\/\/autostil.ba\/maloprodaja\/wp-json\/wp\/v2\/product_tag?post=112212"}],"curies":[{"name":"wp","href":"https:\/\/api.w.org\/{rel}","templated":true}]}}