{"id":112202,"date":"2025-10-17T14:26:52","date_gmt":"2025-10-17T12:26:52","guid":{"rendered":"https:\/\/autostil.ba\/maloprodaja\/?post_type=product&#038;p=112202"},"modified":"2026-04-23T13:59:46","modified_gmt":"2026-04-23T11:59:46","slug":"polir-pasta-sa-voskom-250gr-grublja","status":"publish","type":"product","link":"https:\/\/autostil.ba\/maloprodaja\/proizvod\/1531\/polir-pasta-sa-voskom-250gr-grublja\/","title":{"rendered":"POLIR PASTA SA VOSKOM 250gr GRUBLJA"},"content":{"rendered":"","protected":false},"excerpt":{"rendered":"<p>Univerzalna polir pasta sa voskom za sjaj laka. Koristi se za uklanjanje ogrebotina od metalnih, hromiranih i obojenih povr\u0161ina. Tako\u0111e je pogodna za plastiku. Sadr\u017eaj: 250g.<\/p>\n","protected":false},"featured_media":793045238,"comment_status":"open","ping_status":"closed","template":"","meta":{"_acf_changed":false,"inline_featured_image":false},"product_brand":[],"product_cat":[97],"product_tag":[],"class_list":{"0":"post-112202","1":"product","2":"type-product","3":"status-publish","4":"has-post-thumbnail","6":"product_cat-program-za-poliranje-vozila","8":"first","9":"instock","10":"taxable","11":"shipping-taxable","12":"purchasable","13":"product-type-simple"},"acf":[],"custom_product_id":"1531","_links":{"self":[{"href":"https:\/\/autostil.ba\/maloprodaja\/wp-json\/wp\/v2\/product\/112202","targetHints":{"allow":["GET"]}}],"collection":[{"href":"https:\/\/autostil.ba\/maloprodaja\/wp-json\/wp\/v2\/product"}],"about":[{"href":"https:\/\/autostil.ba\/maloprodaja\/wp-json\/wp\/v2\/types\/product"}],"replies":[{"embeddable":true,"href":"https:\/\/autostil.ba\/maloprodaja\/wp-json\/wp\/v2\/comments?post=112202"}],"version-history":[{"count":1,"href":"https:\/\/autostil.ba\/maloprodaja\/wp-json\/wp\/v2\/product\/112202\/revisions"}],"predecessor-version":[{"id":112204,"href":"https:\/\/autostil.ba\/maloprodaja\/wp-json\/wp\/v2\/product\/112202\/revisions\/112204"}],"wp:featuredmedia":[{"embeddable":true,"href":"https:\/\/autostil.ba\/maloprodaja\/wp-json\/wp\/v2\/media\/793045238"}],"wp:attachment":[{"href":"https:\/\/autostil.ba\/maloprodaja\/wp-json\/wp\/v2\/media?parent=112202"}],"wp:term":[{"taxonomy":"product_brand","embeddable":true,"href":"https:\/\/autostil.ba\/maloprodaja\/wp-json\/wp\/v2\/product_brand?post=112202"},{"taxonomy":"product_cat","embeddable":true,"href":"https:\/\/autostil.ba\/maloprodaja\/wp-json\/wp\/v2\/product_cat?post=112202"},{"taxonomy":"product_tag","embeddable":true,"href":"https:\/\/autostil.ba\/maloprodaja\/wp-json\/wp\/v2\/product_tag?post=112202"}],"curies":[{"name":"wp","href":"https:\/\/api.w.org\/{rel}","templated":true}]}}