{"id":112182,"date":"2025-09-05T09:43:51","date_gmt":"2025-09-05T07:43:51","guid":{"rendered":"https:\/\/autostil.ba\/maloprodaja\/?post_type=product&#038;p=112182"},"modified":"2026-04-08T11:40:18","modified_gmt":"2026-04-08T09:40:18","slug":"kofer-za-krovni-nosac-g3-helios320-crni-240l-133x73x37cm","status":"publish","type":"product","link":"https:\/\/autostil.ba\/maloprodaja\/proizvod\/5277\/kofer-za-krovni-nosac-g3-helios320-crni-240l-133x73x37cm\/","title":{"rendered":"KOFER ZA KROVNI NOSA\u010c G3 HELIOS320 CRNI\/240L 133X73X37cm"},"content":{"rendered":"","protected":false},"excerpt":{"rendered":"<p>Krovni kofer Dimenzije: du\u017eina 1325 mm, \u0161irina 725 mm, visina 370 mm. Unutra\u0161nja du\u017eina 1235 mm, unutra\u0161nja \u0161irina 665 mm, unutra\u0161nja visina 360 mm. Prava testirana zapremina 240 l. Boja metalik crna. Neto te\u017eina 10 kg, bruto te\u017eina 13 kg. Maksimalno optere\u0107enje 50 kg. Materijal P.S. UV za\u0161ti\u0107en. Otvaranje sa strane. Prednja opruga &#8211; K3.015 \/ straga &#8211; K3.014.<br \/>\nJedna brava.<\/p>\n","protected":false},"featured_media":112183,"comment_status":"open","ping_status":"closed","template":"","meta":{"_acf_changed":false,"inline_featured_image":false},"product_brand":[],"product_cat":[153],"product_tag":[],"class_list":{"0":"post-112182","1":"product","2":"type-product","3":"status-publish","4":"has-post-thumbnail","6":"product_cat-krovni-koferi","8":"first","9":"instock","10":"taxable","11":"shipping-taxable","12":"purchasable","13":"product-type-simple"},"acf":[],"custom_product_id":"5277","_links":{"self":[{"href":"https:\/\/autostil.ba\/maloprodaja\/wp-json\/wp\/v2\/product\/112182","targetHints":{"allow":["GET"]}}],"collection":[{"href":"https:\/\/autostil.ba\/maloprodaja\/wp-json\/wp\/v2\/product"}],"about":[{"href":"https:\/\/autostil.ba\/maloprodaja\/wp-json\/wp\/v2\/types\/product"}],"replies":[{"embeddable":true,"href":"https:\/\/autostil.ba\/maloprodaja\/wp-json\/wp\/v2\/comments?post=112182"}],"version-history":[{"count":2,"href":"https:\/\/autostil.ba\/maloprodaja\/wp-json\/wp\/v2\/product\/112182\/revisions"}],"predecessor-version":[{"id":793052180,"href":"https:\/\/autostil.ba\/maloprodaja\/wp-json\/wp\/v2\/product\/112182\/revisions\/793052180"}],"wp:featuredmedia":[{"embeddable":true,"href":"https:\/\/autostil.ba\/maloprodaja\/wp-json\/wp\/v2\/media\/112183"}],"wp:attachment":[{"href":"https:\/\/autostil.ba\/maloprodaja\/wp-json\/wp\/v2\/media?parent=112182"}],"wp:term":[{"taxonomy":"product_brand","embeddable":true,"href":"https:\/\/autostil.ba\/maloprodaja\/wp-json\/wp\/v2\/product_brand?post=112182"},{"taxonomy":"product_cat","embeddable":true,"href":"https:\/\/autostil.ba\/maloprodaja\/wp-json\/wp\/v2\/product_cat?post=112182"},{"taxonomy":"product_tag","embeddable":true,"href":"https:\/\/autostil.ba\/maloprodaja\/wp-json\/wp\/v2\/product_tag?post=112182"}],"curies":[{"name":"wp","href":"https:\/\/api.w.org\/{rel}","templated":true}]}}