{"id":112152,"date":"2024-07-18T08:09:48","date_gmt":"2024-07-18T08:09:48","guid":{"rendered":"https:\/\/autostil.ba\/maloprodaja\/?post_type=product&#038;p=112152"},"modified":"2026-04-08T11:40:13","modified_gmt":"2026-04-08T09:40:13","slug":"podmetac-za-gepek-univerzalni-900-x-850-mm-g3","status":"publish","type":"product","link":"https:\/\/autostil.ba\/maloprodaja\/proizvod\/13261\/podmetac-za-gepek-univerzalni-900-x-850-mm-g3\/","title":{"rendered":"PODMETA\u010c ZA GEPEK UNIVERZALNI 900 x 850 mm G3"},"content":{"rendered":"","protected":false},"excerpt":{"rendered":"<p>Vi\u0161enamjenski neklizaju\u0107I podmeta\u010d napravljena od materijala koji se mo\u017ee reciklirati. Idealno za auto, vrt, slobodno vrijeme. Dimenzija: 900 x 850 mm. Debljina: 5 mm.<\/p>\n","protected":false},"featured_media":112153,"comment_status":"open","ping_status":"closed","template":"","meta":{"_acf_changed":false,"inline_featured_image":false},"product_brand":[],"product_cat":[112],"product_tag":[],"class_list":{"0":"post-112152","1":"product","2":"type-product","3":"status-publish","4":"has-post-thumbnail","6":"product_cat-podmetaci-za-gepek-univerzalni","8":"first","9":"instock","10":"taxable","11":"shipping-taxable","12":"purchasable","13":"product-type-simple"},"acf":[],"custom_product_id":"13261","_links":{"self":[{"href":"https:\/\/autostil.ba\/maloprodaja\/wp-json\/wp\/v2\/product\/112152","targetHints":{"allow":["GET"]}}],"collection":[{"href":"https:\/\/autostil.ba\/maloprodaja\/wp-json\/wp\/v2\/product"}],"about":[{"href":"https:\/\/autostil.ba\/maloprodaja\/wp-json\/wp\/v2\/types\/product"}],"replies":[{"embeddable":true,"href":"https:\/\/autostil.ba\/maloprodaja\/wp-json\/wp\/v2\/comments?post=112152"}],"version-history":[{"count":1,"href":"https:\/\/autostil.ba\/maloprodaja\/wp-json\/wp\/v2\/product\/112152\/revisions"}],"predecessor-version":[{"id":112154,"href":"https:\/\/autostil.ba\/maloprodaja\/wp-json\/wp\/v2\/product\/112152\/revisions\/112154"}],"wp:featuredmedia":[{"embeddable":true,"href":"https:\/\/autostil.ba\/maloprodaja\/wp-json\/wp\/v2\/media\/112153"}],"wp:attachment":[{"href":"https:\/\/autostil.ba\/maloprodaja\/wp-json\/wp\/v2\/media?parent=112152"}],"wp:term":[{"taxonomy":"product_brand","embeddable":true,"href":"https:\/\/autostil.ba\/maloprodaja\/wp-json\/wp\/v2\/product_brand?post=112152"},{"taxonomy":"product_cat","embeddable":true,"href":"https:\/\/autostil.ba\/maloprodaja\/wp-json\/wp\/v2\/product_cat?post=112152"},{"taxonomy":"product_tag","embeddable":true,"href":"https:\/\/autostil.ba\/maloprodaja\/wp-json\/wp\/v2\/product_tag?post=112152"}],"curies":[{"name":"wp","href":"https:\/\/api.w.org\/{rel}","templated":true}]}}