{"id":112132,"date":"2025-11-19T14:50:47","date_gmt":"2025-11-19T12:50:47","guid":{"rendered":"https:\/\/autostil.ba\/maloprodaja\/?post_type=product&#038;p=112132"},"modified":"2026-04-08T11:40:13","modified_gmt":"2026-04-08T09:40:13","slug":"kofer-za-krovni-nosac-g3-hydra-225l-228x485x32cm","status":"publish","type":"product","link":"https:\/\/autostil.ba\/maloprodaja\/proizvod\/11517\/kofer-za-krovni-nosac-g3-hydra-225l-228x485x32cm\/","title":{"rendered":"KOFER ZA KROVNI NOSA\u010c G3 HYDRA 225L 228&#215;48,5x32CM"},"content":{"rendered":"","protected":false},"excerpt":{"rendered":"<p>Krovni kofer- Dimenzije: du\u017eina 2280 mm, \u0161irina 485 mm, visina 320 mm. Unutra\u0161nja du\u017eina 2190 mm, unutra\u0161nja \u0161irina 425 mm, unutra\u0161nja visina 310 mm. Prava testirana zapremina 225 l. Boja svijetlo siva. Neto te\u017eina 9 kg, bruto te\u017eina 12,5 kg. Maksimalno optere\u0107enje 50 kg. Materijal P.S. UV za\u0161ti\u0107en. Otvaranje sa strane. Jedna brava.<\/p>\n","protected":false},"featured_media":112133,"comment_status":"open","ping_status":"closed","template":"","meta":{"_acf_changed":false,"inline_featured_image":false},"product_brand":[],"product_cat":[153],"product_tag":[],"class_list":{"0":"post-112132","1":"product","2":"type-product","3":"status-publish","4":"has-post-thumbnail","6":"product_cat-krovni-koferi","8":"first","9":"instock","10":"taxable","11":"shipping-taxable","12":"purchasable","13":"product-type-simple"},"acf":[],"custom_product_id":"11517","_links":{"self":[{"href":"https:\/\/autostil.ba\/maloprodaja\/wp-json\/wp\/v2\/product\/112132","targetHints":{"allow":["GET"]}}],"collection":[{"href":"https:\/\/autostil.ba\/maloprodaja\/wp-json\/wp\/v2\/product"}],"about":[{"href":"https:\/\/autostil.ba\/maloprodaja\/wp-json\/wp\/v2\/types\/product"}],"replies":[{"embeddable":true,"href":"https:\/\/autostil.ba\/maloprodaja\/wp-json\/wp\/v2\/comments?post=112132"}],"version-history":[{"count":1,"href":"https:\/\/autostil.ba\/maloprodaja\/wp-json\/wp\/v2\/product\/112132\/revisions"}],"predecessor-version":[{"id":112134,"href":"https:\/\/autostil.ba\/maloprodaja\/wp-json\/wp\/v2\/product\/112132\/revisions\/112134"}],"wp:featuredmedia":[{"embeddable":true,"href":"https:\/\/autostil.ba\/maloprodaja\/wp-json\/wp\/v2\/media\/112133"}],"wp:attachment":[{"href":"https:\/\/autostil.ba\/maloprodaja\/wp-json\/wp\/v2\/media?parent=112132"}],"wp:term":[{"taxonomy":"product_brand","embeddable":true,"href":"https:\/\/autostil.ba\/maloprodaja\/wp-json\/wp\/v2\/product_brand?post=112132"},{"taxonomy":"product_cat","embeddable":true,"href":"https:\/\/autostil.ba\/maloprodaja\/wp-json\/wp\/v2\/product_cat?post=112132"},{"taxonomy":"product_tag","embeddable":true,"href":"https:\/\/autostil.ba\/maloprodaja\/wp-json\/wp\/v2\/product_tag?post=112132"}],"curies":[{"name":"wp","href":"https:\/\/api.w.org\/{rel}","templated":true}]}}